{"id":5919,"date":"2024-11-11T16:33:50","date_gmt":"2024-11-11T15:33:50","guid":{"rendered":"http:\/\/gr107.org\/?page_id=5919"},"modified":"2024-12-03T14:50:23","modified_gmt":"2024-12-03T13:50:23","slug":"carte-interactive-du-gr107","status":"publish","type":"page","link":"https:\/\/gr107.org\/index.php\/carte-interactive-du-gr107\/","title":{"rendered":"Carte interactive IGN GR107"},"content":{"rendered":"\t\t<div data-elementor-type=\"wp-page\" data-elementor-id=\"5919\" class=\"elementor elementor-5919\" data-elementor-post-type=\"page\">\n\t\t\t\t\t\t<section class=\"elementor-section elementor-top-section elementor-element elementor-element-6cd0726b elementor-section-content-middle elementor-section-boxed elementor-section-height-default elementor-section-height-default\" data-id=\"6cd0726b\" data-element_type=\"section\" data-e-type=\"section\" data-settings=\"{&quot;background_background&quot;:&quot;classic&quot;}\">\n\t\t\t\t\t\t<div class=\"elementor-container elementor-column-gap-default\">\n\t\t\t\t\t<div class=\"elementor-column elementor-col-100 elementor-top-column elementor-element elementor-element-37404c64\" data-id=\"37404c64\" data-element_type=\"column\" data-e-type=\"column\" data-settings=\"{&quot;background_background&quot;:&quot;classic&quot;}\">\n\t\t\t<div class=\"elementor-widget-wrap elementor-element-populated\">\n\t\t\t\t\t\t<section class=\"elementor-section elementor-inner-section elementor-element elementor-element-9f9346f elementor-section-full_width elementor-section-content-middle elementor-section-height-default elementor-section-height-default\" data-id=\"9f9346f\" data-element_type=\"section\" data-e-type=\"section\">\n\t\t\t\t\t\t<div class=\"elementor-container elementor-column-gap-default\">\n\t\t\t\t\t<div class=\"elementor-column elementor-col-100 elementor-inner-column elementor-element elementor-element-635dd530\" data-id=\"635dd530\" data-element_type=\"column\" data-e-type=\"column\">\n\t\t\t<div class=\"elementor-widget-wrap elementor-element-populated\">\n\t\t\t\t\t\t<div class=\"elementor-element elementor-element-33271cd6 elementor-widget elementor-widget-heading\" data-id=\"33271cd6\" data-element_type=\"widget\" data-e-type=\"widget\" data-widget_type=\"heading.default\">\n\t\t\t\t<div class=\"elementor-widget-container\">\n\t\t\t\t\t<h2 class=\"elementor-heading-title elementor-size-default\">Carte interactive IGN et trac\u00e9 officiel du GR107<\/h2>\t\t\t\t<\/div>\n\t\t\t\t<\/div>\n\t\t\t\t<div class=\"elementor-element elementor-element-5766bb37 elementor-widget elementor-widget-html\" data-id=\"5766bb37\" data-element_type=\"widget\" data-e-type=\"widget\" data-widget_type=\"html.default\">\n\t\t\t\t<div class=\"elementor-widget-container\">\n\t\t\t\t\t<iframe src=\"https:\/\/macarte.ign.fr\/carte\/1kuQL9\/GR107-CARTE-\" width=\"1200PX\" height=\"850px\"><\/iframe>\t\t\t\t<\/div>\n\t\t\t\t<\/div>\n\t\t\t\t\t<\/div>\n\t\t<\/div>\n\t\t\t\t\t<\/div>\n\t\t<\/section>\n\t\t\t\t<section class=\"elementor-section elementor-inner-section elementor-element elementor-element-7cf213a4 elementor-section-full_width elementor-section-content-middle elementor-section-height-default elementor-section-height-default\" data-id=\"7cf213a4\" data-element_type=\"section\" data-e-type=\"section\">\n\t\t\t\t\t\t<div class=\"elementor-container elementor-column-gap-default\">\n\t\t\t\t\t<div class=\"elementor-column elementor-col-100 elementor-inner-column elementor-element elementor-element-33feca29\" data-id=\"33feca29\" data-element_type=\"column\" data-e-type=\"column\">\n\t\t\t<div class=\"elementor-widget-wrap elementor-element-populated\">\n\t\t\t\t\t\t<div class=\"elementor-element elementor-element-1d14a505 elementor-widget elementor-widget-heading\" data-id=\"1d14a505\" data-element_type=\"widget\" data-e-type=\"widget\" data-widget_type=\"heading.default\">\n\t\t\t\t<div class=\"elementor-widget-container\">\n\t\t\t\t\t<h2 class=\"elementor-heading-title elementor-size-default\">Informations compl\u00e9mentaires \u00e0 propos de la carte interactive IGN <\/h2>\t\t\t\t<\/div>\n\t\t\t\t<\/div>\n\t\t\t\t<div class=\"elementor-element elementor-element-4407aaf4 elementor-widget elementor-widget-text-editor\" data-id=\"4407aaf4\" data-element_type=\"widget\" data-e-type=\"widget\" data-widget_type=\"text-editor.default\">\n\t\t\t\t<div class=\"elementor-widget-container\">\n\t\t\t\t\t\t\t\t\t<p>Carte interactive IGN. Pour en savoir plus sur la l\u00e9gende des cartes IGN consultez le site internet de la <a href=\"https:\/\/www.latoilescoute.net\/legende-des-cartes-ign\" target=\"_blank\" rel=\"noopener\">toile scoute<\/a>.<br \/>Enfin, certaines applications de g\u00e9olocalisation vous permettront en t\u00e9l\u00e9chargeant <a href=\"https:\/\/gr107.org\/index.php\/traces-gpx-du-gr107\/\" target=\"_blank\" rel=\"noopener\">les traces gpx officielles du GR107<\/a> de pouvoir vous localiser pr\u00e9cis\u00e9ment sur le parcours. Attention toutefois au r\u00e9seau t\u00e9l\u00e9phonique qui n&rsquo;est pas accessible sur beaucoup de secteurs du GR107. La prudence est donc de mise et le papier reste roi.<\/p>\t\t\t\t\t\t\t\t<\/div>\n\t\t\t\t<\/div>\n\t\t\t\t<div class=\"elementor-element elementor-element-8ada341 elementor-widget elementor-widget-heading\" data-id=\"8ada341\" data-element_type=\"widget\" data-e-type=\"widget\" data-widget_type=\"heading.default\">\n\t\t\t\t<div class=\"elementor-widget-container\">\n\t\t\t\t\t<h2 class=\"elementor-heading-title elementor-size-default\">Un mot sur l'IGN<\/h2>\t\t\t\t<\/div>\n\t\t\t\t<\/div>\n\t\t\t\t<div class=\"elementor-element elementor-element-13c2b283 elementor-widget elementor-widget-text-editor\" data-id=\"13c2b283\" data-element_type=\"widget\" data-e-type=\"widget\" data-widget_type=\"text-editor.default\">\n\t\t\t\t<div class=\"elementor-widget-container\">\n\t\t\t\t\t\t\t\t\t<p>L&rsquo;IGN (Institut national de l\u2019information g\u00e9ographique et foresti\u00e8re) est un \u00e9tablissement public \u00e0 caract\u00e8re administratif. Il est plac\u00e9 sous la tutelle des minist\u00e8res charg\u00e9s de l\u2019\u00e9cologie et de la for\u00eat. Sa vocation est de produire et diffuser des donn\u00e9es (open data) et des repr\u00e9sentations\u00a0 de r\u00e9f\u00e9rence relatives \u00e0 la connaissance du territoire national et des for\u00eats fran\u00e7aises.<br \/><br \/>Gr\u00e2ce \u00e0 son \u00e9cole d\u2019ing\u00e9nieurs, l&rsquo;ENSG-G\u00e9omatique, et \u00e0 ses \u00e9quipes de recherche pluridisciplinaires, l\u2019institut cultive un potentiel d\u2019innovation de haut niveau. Plusieurs domaines sont concern\u00e9s : la g\u00e9od\u00e9sie, les for\u00eats, la photogramm\u00e9trie, l&rsquo;intelligence artificielle, l&rsquo;analyse spatiale, la visualisation 3D, etc.). Anfin, \u00e0 l\u2019heure de grands bouleversements \u00e9cologiques et num\u00e9riques, la volont\u00e9 de l\u2019institut est d\u2019outiller la Nation en lui donnant des cl\u00e9s de compr\u00e9hension de son territoire.<\/p>\t\t\t\t\t\t\t\t<\/div>\n\t\t\t\t<\/div>\n\t\t\t\t\t<\/div>\n\t\t<\/div>\n\t\t\t\t\t<\/div>\n\t\t<\/section>\n\t\t\t\t<section class=\"elementor-section elementor-inner-section elementor-element elementor-element-84e975f elementor-section-full_width elementor-section-content-middle elementor-section-height-default elementor-section-height-default\" data-id=\"84e975f\" data-element_type=\"section\" data-e-type=\"section\">\n\t\t\t\t\t\t<div class=\"elementor-container elementor-column-gap-default\">\n\t\t\t\t\t<div class=\"elementor-column elementor-col-100 elementor-inner-column elementor-element elementor-element-389178d\" data-id=\"389178d\" data-element_type=\"column\" data-e-type=\"column\">\n\t\t\t<div class=\"elementor-widget-wrap elementor-element-populated\">\n\t\t\t\t\t\t<div class=\"elementor-element elementor-element-2d0d5cb elementor-widget elementor-widget-text-editor\" data-id=\"2d0d5cb\" data-element_type=\"widget\" data-e-type=\"widget\" data-widget_type=\"text-editor.default\">\n\t\t\t\t<div class=\"elementor-widget-container\">\n\t\t\t\t\t\t\t\t\t<p>Autres dossiers susceptibles de vous int\u00e9resser :<\/p><ul><li><a style=\"font-family: var(--global-body-font-family);\" href=\"https:\/\/gr107.org\/index.php\/les-variantes-du-gr107\/\" target=\"_blank\" rel=\"noopener\" data-wplink-url-error=\"true\">Les variantes du GR107<\/a><\/li><li><a href=\"https:\/\/gr107.org\/index.php\/les-hebergements-sur-le-gr107\/\" target=\"_blank\" rel=\"noopener\" data-wplink-url-error=\"true\">Les h\u00e9bergements du GR107<\/a><\/li><li><a href=\"https:\/\/gr107.org\/index.php\/les-bivouacs-et-campings-du-gr107\/\" target=\"_blank\" rel=\"noopener\" data-wplink-url-error=\"true\">Les bivouacs et campings du GR107<\/a><\/li><\/ul>\t\t\t\t\t\t\t\t<\/div>\n\t\t\t\t<\/div>\n\t\t\t\t\t<\/div>\n\t\t<\/div>\n\t\t\t\t\t<\/div>\n\t\t<\/section>\n\t\t\t\t<section class=\"elementor-section elementor-inner-section elementor-element elementor-element-955ba52 elementor-section-full_width elementor-section-content-middle elementor-section-height-default elementor-section-height-default\" data-id=\"955ba52\" data-element_type=\"section\" data-e-type=\"section\">\n\t\t\t\t\t\t<div class=\"elementor-container elementor-column-gap-default\">\n\t\t\t\t\t<div class=\"elementor-column elementor-col-100 elementor-inner-column elementor-element elementor-element-065ba68\" data-id=\"065ba68\" data-element_type=\"column\" data-e-type=\"column\">\n\t\t\t<div class=\"elementor-widget-wrap elementor-element-populated\">\n\t\t\t\t\t\t<div class=\"elementor-element elementor-element-f5beb4c elementor-align-center elementor-widget__width-auto elementor-widget elementor-widget-button\" data-id=\"f5beb4c\" data-element_type=\"widget\" data-e-type=\"widget\" data-widget_type=\"button.default\">\n\t\t\t\t<div class=\"elementor-widget-container\">\n\t\t\t\t\t\t\t\t\t<div class=\"elementor-button-wrapper\">\n\t\t\t\t\t<a class=\"elementor-button elementor-button-link elementor-size-xs\" href=\"https:\/\/gr107.org\/index.php\/portail-des-dossiers-de-preparation-au-gr107\/\">\n\t\t\t\t\t\t<span class=\"elementor-button-content-wrapper\">\n\t\t\t\t\t\t\t\t\t<span class=\"elementor-button-text\">Retour au portail des dossiers de pr\u00e9paration<\/span>\n\t\t\t\t\t<\/span>\n\t\t\t\t\t<\/a>\n\t\t\t\t<\/div>\n\t\t\t\t\t\t\t\t<\/div>\n\t\t\t\t<\/div>\n\t\t\t\t\t<\/div>\n\t\t<\/div>\n\t\t\t\t\t<\/div>\n\t\t<\/section>\n\t\t\t\t<section class=\"elementor-section elementor-inner-section elementor-element elementor-element-661d9cac elementor-section-boxed elementor-section-height-default elementor-section-height-default\" data-id=\"661d9cac\" data-element_type=\"section\" data-e-type=\"section\">\n\t\t\t\t\t\t<div class=\"elementor-container elementor-column-gap-default\">\n\t\t\t\t\t<div class=\"elementor-column elementor-col-100 elementor-inner-column elementor-element elementor-element-16fdb0a4\" data-id=\"16fdb0a4\" data-element_type=\"column\" data-e-type=\"column\">\n\t\t\t<div class=\"elementor-widget-wrap elementor-element-populated\">\n\t\t\t\t\t\t<div class=\"elementor-element elementor-element-76d327d1 elementor-position-inline-start elementor-widget__width-inherit elementor-view-default elementor-mobile-position-block-start elementor-widget elementor-widget-icon-box\" data-id=\"76d327d1\" data-element_type=\"widget\" data-e-type=\"widget\" data-widget_type=\"icon-box.default\">\n\t\t\t\t<div class=\"elementor-widget-container\">\n\t\t\t\t\t\t\t<div class=\"elementor-icon-box-wrapper\">\n\n\t\t\t\t\t\t<div class=\"elementor-icon-box-icon\">\n\t\t\t\t<span  class=\"elementor-icon\">\n\t\t\t\t<svg aria-hidden=\"true\" class=\"e-font-icon-svg e-fas-info-circle\" viewBox=\"0 0 512 512\" xmlns=\"http:\/\/www.w3.org\/2000\/svg\"><path d=\"M256 8C119.043 8 8 119.083 8 256c0 136.997 111.043 248 248 248s248-111.003 248-248C504 119.083 392.957 8 256 8zm0 110c23.196 0 42 18.804 42 42s-18.804 42-42 42-42-18.804-42-42 18.804-42 42-42zm56 254c0 6.627-5.373 12-12 12h-88c-6.627 0-12-5.373-12-12v-24c0-6.627 5.373-12 12-12h12v-64h-12c-6.627 0-12-5.373-12-12v-24c0-6.627 5.373-12 12-12h64c6.627 0 12 5.373 12 12v100h12c6.627 0 12 5.373 12 12v24z\"><\/path><\/svg>\t\t\t\t<\/span>\n\t\t\t<\/div>\n\t\t\t\n\t\t\t\t\t\t<div class=\"elementor-icon-box-content\">\n\n\t\t\t\t\n\t\t\t\t\t\t\t\t\t<p class=\"elementor-icon-box-description\">\n\t\t\t\t\t\tPoint info\t\t\t\t\t<\/p>\n\t\t\t\t\n\t\t\t<\/div>\n\t\t\t\n\t\t<\/div>\n\t\t\t\t\t\t<\/div>\n\t\t\t\t<\/div>\n\t\t\t\t<div class=\"elementor-element elementor-element-8aadb28 elementor-widget elementor-widget-text-editor\" data-id=\"8aadb28\" data-element_type=\"widget\" data-e-type=\"widget\" data-widget_type=\"text-editor.default\">\n\t\t\t\t<div class=\"elementor-widget-container\">\n\t\t\t\t\t\t\t\t\t<p>Pour toutes questions relatives aux dossiers de pr\u00e9paration, n&rsquo;h\u00e9sitez pas \u00e0 contacter :<\/p><p>Eric CHAIGNEAU<br \/>Animateur b\u00e9n\u00e9vole de l&rsquo;Amis GRdistes en collaboration avec la FFRandonn\u00e9e.<br \/><a href=\"ariege@ffrandonnee.fr\" target=\"_blank\" rel=\"noopener\">ariege@ffrandonnee.fr<\/a><br \/>tel 06 83 61 48 49<\/p>\t\t\t\t\t\t\t\t<\/div>\n\t\t\t\t<\/div>\n\t\t\t\t\t<\/div>\n\t\t<\/div>\n\t\t\t\t\t<\/div>\n\t\t<\/section>\n\t\t\t\t\t<\/div>\n\t\t<\/div>\n\t\t\t\t\t<\/div>\n\t\t<\/section>\n\t\t<div class=\"elementor-element elementor-element-9556c15 e-flex e-con-boxed e-con e-parent\" data-id=\"9556c15\" data-element_type=\"container\" data-e-type=\"container\">\n\t\t\t\t\t<div class=\"e-con-inner\">\n\t\t\t\t\t<\/div>\n\t\t\t\t<\/div>\n\t\t\t\t<\/div>\n\t\t","protected":false},"excerpt":{"rendered":"<p>Carte interactive IGN et trac\u00e9 officiel du GR107 Informations compl\u00e9mentaires \u00e0 propos de la carte interactive IGN Carte interactive IGN. Pour en savoir plus sur la l\u00e9gende des cartes IGN consultez le site internet de la toile scoute.Enfin, certaines applications de g\u00e9olocalisation vous permettront en t\u00e9l\u00e9chargeant les traces gpx officielles du GR107 de pouvoir vous [&hellip;]<\/p>\n","protected":false},"author":1,"featured_media":5218,"parent":0,"menu_order":0,"comment_status":"closed","ping_status":"closed","template":"elementor_theme","meta":{"footnotes":""},"categories":[10,14,21],"tags":[],"class_list":["post-5919","page","type-page","status-publish","has-post-thumbnail","hentry","category-dossier-de-preparation","category-les-essentiels","category-sentiers-orientation"],"yoast_head":"<!-- This site is optimized with the Yoast SEO plugin v27.5 - https:\/\/yoast.com\/product\/yoast-seo-wordpress\/ -->\n<title>Carte interactive IGN GR107 - Le Chemin des Bonshommes<\/title>\n<meta name=\"description\" content=\"La carte interactive IGN vous permettra d&#039;acc\u00e9der aux fonds de carte IGN et du trac\u00e9 officiel pr\u00e9cis du GR107.\" \/>\n<meta name=\"robots\" content=\"index, follow, max-snippet:-1, max-image-preview:large, max-video-preview:-1\" \/>\n<link rel=\"canonical\" href=\"https:\/\/gr107.org\/index.php\/carte-interactive-du-gr107\/\" \/>\n<meta property=\"og:locale\" content=\"fr_FR\" \/>\n<meta property=\"og:type\" content=\"article\" \/>\n<meta property=\"og:title\" content=\"Carte interactive IGN GR107 - Le Chemin des Bonshommes\" \/>\n<meta property=\"og:description\" content=\"La carte interactive IGN vous permettra d&#039;acc\u00e9der aux fonds de carte IGN et du trac\u00e9 officiel pr\u00e9cis du GR107.\" \/>\n<meta property=\"og:url\" content=\"https:\/\/gr107.org\/index.php\/carte-interactive-du-gr107\/\" \/>\n<meta property=\"og:site_name\" content=\"GR107 - Le chemin des bonshommes\" \/>\n<meta property=\"article:modified_time\" content=\"2024-12-03T13:50:23+00:00\" \/>\n<meta property=\"og:image\" content=\"https:\/\/gr107.org\/wp-content\/uploads\/2024\/11\/CARTE-IGN.jpg\" \/>\n\t<meta property=\"og:image:width\" content=\"948\" \/>\n\t<meta property=\"og:image:height\" content=\"705\" \/>\n\t<meta property=\"og:image:type\" content=\"image\/jpeg\" \/>\n<meta name=\"twitter:card\" content=\"summary_large_image\" \/>\n<meta name=\"twitter:label1\" content=\"Dur\u00e9e de lecture estim\u00e9e\" \/>\n\t<meta name=\"twitter:data1\" content=\"2 minutes\" \/>\n<script type=\"application\/ld+json\" class=\"yoast-schema-graph\">{\"@context\":\"https:\\\/\\\/schema.org\",\"@graph\":[{\"@type\":\"WebPage\",\"@id\":\"https:\\\/\\\/gr107.org\\\/index.php\\\/carte-interactive-du-gr107\\\/\",\"url\":\"https:\\\/\\\/gr107.org\\\/index.php\\\/carte-interactive-du-gr107\\\/\",\"name\":\"Carte interactive IGN GR107 - Le Chemin des Bonshommes\",\"isPartOf\":{\"@id\":\"https:\\\/\\\/gr107.org\\\/#website\"},\"primaryImageOfPage\":{\"@id\":\"https:\\\/\\\/gr107.org\\\/index.php\\\/carte-interactive-du-gr107\\\/#primaryimage\"},\"image\":{\"@id\":\"https:\\\/\\\/gr107.org\\\/index.php\\\/carte-interactive-du-gr107\\\/#primaryimage\"},\"thumbnailUrl\":\"https:\\\/\\\/gr107.org\\\/wp-content\\\/uploads\\\/2024\\\/11\\\/CARTE-IGN.jpg\",\"datePublished\":\"2024-11-11T15:33:50+00:00\",\"dateModified\":\"2024-12-03T13:50:23+00:00\",\"description\":\"La carte interactive IGN vous permettra d'acc\u00e9der aux fonds de carte IGN et du trac\u00e9 officiel pr\u00e9cis du GR107.\",\"breadcrumb\":{\"@id\":\"https:\\\/\\\/gr107.org\\\/index.php\\\/carte-interactive-du-gr107\\\/#breadcrumb\"},\"inLanguage\":\"fr-FR\",\"potentialAction\":[{\"@type\":\"ReadAction\",\"target\":[\"https:\\\/\\\/gr107.org\\\/index.php\\\/carte-interactive-du-gr107\\\/\"]}]},{\"@type\":\"ImageObject\",\"inLanguage\":\"fr-FR\",\"@id\":\"https:\\\/\\\/gr107.org\\\/index.php\\\/carte-interactive-du-gr107\\\/#primaryimage\",\"url\":\"https:\\\/\\\/gr107.org\\\/wp-content\\\/uploads\\\/2024\\\/11\\\/CARTE-IGN.jpg\",\"contentUrl\":\"https:\\\/\\\/gr107.org\\\/wp-content\\\/uploads\\\/2024\\\/11\\\/CARTE-IGN.jpg\",\"width\":948,\"height\":705,\"caption\":\"Carte IGN\"},{\"@type\":\"BreadcrumbList\",\"@id\":\"https:\\\/\\\/gr107.org\\\/index.php\\\/carte-interactive-du-gr107\\\/#breadcrumb\",\"itemListElement\":[{\"@type\":\"ListItem\",\"position\":1,\"name\":\"Accueil\",\"item\":\"https:\\\/\\\/gr107.org\\\/\"},{\"@type\":\"ListItem\",\"position\":2,\"name\":\"Carte interactive IGN GR107\"}]},{\"@type\":\"WebSite\",\"@id\":\"https:\\\/\\\/gr107.org\\\/#website\",\"url\":\"https:\\\/\\\/gr107.org\\\/\",\"name\":\"GR107 - Le chemin des bonshommes\",\"description\":\"\",\"potentialAction\":[{\"@type\":\"SearchAction\",\"target\":{\"@type\":\"EntryPoint\",\"urlTemplate\":\"https:\\\/\\\/gr107.org\\\/?s={search_term_string}\"},\"query-input\":{\"@type\":\"PropertyValueSpecification\",\"valueRequired\":true,\"valueName\":\"search_term_string\"}}],\"inLanguage\":\"fr-FR\"}]}<\/script>\n<!-- \/ Yoast SEO plugin. -->","yoast_head_json":{"title":"Carte interactive IGN GR107 - Le Chemin des Bonshommes","description":"La carte interactive IGN vous permettra d'acc\u00e9der aux fonds de carte IGN et du trac\u00e9 officiel pr\u00e9cis du GR107.","robots":{"index":"index","follow":"follow","max-snippet":"max-snippet:-1","max-image-preview":"max-image-preview:large","max-video-preview":"max-video-preview:-1"},"canonical":"https:\/\/gr107.org\/index.php\/carte-interactive-du-gr107\/","og_locale":"fr_FR","og_type":"article","og_title":"Carte interactive IGN GR107 - Le Chemin des Bonshommes","og_description":"La carte interactive IGN vous permettra d'acc\u00e9der aux fonds de carte IGN et du trac\u00e9 officiel pr\u00e9cis du GR107.","og_url":"https:\/\/gr107.org\/index.php\/carte-interactive-du-gr107\/","og_site_name":"GR107 - Le chemin des bonshommes","article_modified_time":"2024-12-03T13:50:23+00:00","og_image":[{"width":948,"height":705,"url":"https:\/\/gr107.org\/wp-content\/uploads\/2024\/11\/CARTE-IGN.jpg","type":"image\/jpeg"}],"twitter_card":"summary_large_image","twitter_misc":{"Dur\u00e9e de lecture estim\u00e9e":"2 minutes"},"schema":{"@context":"https:\/\/schema.org","@graph":[{"@type":"WebPage","@id":"https:\/\/gr107.org\/index.php\/carte-interactive-du-gr107\/","url":"https:\/\/gr107.org\/index.php\/carte-interactive-du-gr107\/","name":"Carte interactive IGN GR107 - Le Chemin des Bonshommes","isPartOf":{"@id":"https:\/\/gr107.org\/#website"},"primaryImageOfPage":{"@id":"https:\/\/gr107.org\/index.php\/carte-interactive-du-gr107\/#primaryimage"},"image":{"@id":"https:\/\/gr107.org\/index.php\/carte-interactive-du-gr107\/#primaryimage"},"thumbnailUrl":"https:\/\/gr107.org\/wp-content\/uploads\/2024\/11\/CARTE-IGN.jpg","datePublished":"2024-11-11T15:33:50+00:00","dateModified":"2024-12-03T13:50:23+00:00","description":"La carte interactive IGN vous permettra d'acc\u00e9der aux fonds de carte IGN et du trac\u00e9 officiel pr\u00e9cis du GR107.","breadcrumb":{"@id":"https:\/\/gr107.org\/index.php\/carte-interactive-du-gr107\/#breadcrumb"},"inLanguage":"fr-FR","potentialAction":[{"@type":"ReadAction","target":["https:\/\/gr107.org\/index.php\/carte-interactive-du-gr107\/"]}]},{"@type":"ImageObject","inLanguage":"fr-FR","@id":"https:\/\/gr107.org\/index.php\/carte-interactive-du-gr107\/#primaryimage","url":"https:\/\/gr107.org\/wp-content\/uploads\/2024\/11\/CARTE-IGN.jpg","contentUrl":"https:\/\/gr107.org\/wp-content\/uploads\/2024\/11\/CARTE-IGN.jpg","width":948,"height":705,"caption":"Carte IGN"},{"@type":"BreadcrumbList","@id":"https:\/\/gr107.org\/index.php\/carte-interactive-du-gr107\/#breadcrumb","itemListElement":[{"@type":"ListItem","position":1,"name":"Accueil","item":"https:\/\/gr107.org\/"},{"@type":"ListItem","position":2,"name":"Carte interactive IGN GR107"}]},{"@type":"WebSite","@id":"https:\/\/gr107.org\/#website","url":"https:\/\/gr107.org\/","name":"GR107 - Le chemin des bonshommes","description":"","potentialAction":[{"@type":"SearchAction","target":{"@type":"EntryPoint","urlTemplate":"https:\/\/gr107.org\/?s={search_term_string}"},"query-input":{"@type":"PropertyValueSpecification","valueRequired":true,"valueName":"search_term_string"}}],"inLanguage":"fr-FR"}]}},"_links":{"self":[{"href":"https:\/\/gr107.org\/index.php\/wp-json\/wp\/v2\/pages\/5919","targetHints":{"allow":["GET"]}}],"collection":[{"href":"https:\/\/gr107.org\/index.php\/wp-json\/wp\/v2\/pages"}],"about":[{"href":"https:\/\/gr107.org\/index.php\/wp-json\/wp\/v2\/types\/page"}],"author":[{"embeddable":true,"href":"https:\/\/gr107.org\/index.php\/wp-json\/wp\/v2\/users\/1"}],"replies":[{"embeddable":true,"href":"https:\/\/gr107.org\/index.php\/wp-json\/wp\/v2\/comments?post=5919"}],"version-history":[{"count":3,"href":"https:\/\/gr107.org\/index.php\/wp-json\/wp\/v2\/pages\/5919\/revisions"}],"predecessor-version":[{"id":8231,"href":"https:\/\/gr107.org\/index.php\/wp-json\/wp\/v2\/pages\/5919\/revisions\/8231"}],"wp:featuredmedia":[{"embeddable":true,"href":"https:\/\/gr107.org\/index.php\/wp-json\/wp\/v2\/media\/5218"}],"wp:attachment":[{"href":"https:\/\/gr107.org\/index.php\/wp-json\/wp\/v2\/media?parent=5919"}],"wp:term":[{"taxonomy":"category","embeddable":true,"href":"https:\/\/gr107.org\/index.php\/wp-json\/wp\/v2\/categories?post=5919"},{"taxonomy":"post_tag","embeddable":true,"href":"https:\/\/gr107.org\/index.php\/wp-json\/wp\/v2\/tags?post=5919"}],"curies":[{"name":"wp","href":"https:\/\/api.w.org\/{rel}","templated":true}]}}