{"id":6088,"date":"2024-11-12T14:51:56","date_gmt":"2024-11-12T13:51:56","guid":{"rendered":"http:\/\/gr107.org\/?page_id=6088"},"modified":"2024-12-03T14:52:57","modified_gmt":"2024-12-03T13:52:57","slug":"les-pharmacies-sur-le-gr107","status":"publish","type":"page","link":"https:\/\/gr107.org\/index.php\/les-pharmacies-sur-le-gr107\/","title":{"rendered":"Les pharmacies sur le GR107"},"content":{"rendered":"\t\t<div data-elementor-type=\"wp-page\" data-elementor-id=\"6088\" class=\"elementor elementor-6088\" data-elementor-post-type=\"page\">\n\t\t\t\t\t\t<section class=\"elementor-section elementor-top-section elementor-element elementor-element-38d4dd72 elementor-section-boxed elementor-section-height-default elementor-section-height-default\" data-id=\"38d4dd72\" data-element_type=\"section\" data-e-type=\"section\" data-settings=\"{&quot;background_background&quot;:&quot;classic&quot;}\">\n\t\t\t\t\t\t<div class=\"elementor-container elementor-column-gap-default\">\n\t\t\t\t\t<div class=\"elementor-column elementor-col-100 elementor-top-column elementor-element elementor-element-7b604e13\" data-id=\"7b604e13\" data-element_type=\"column\" data-e-type=\"column\" data-settings=\"{&quot;background_background&quot;:&quot;classic&quot;}\">\n\t\t\t<div class=\"elementor-widget-wrap elementor-element-populated\">\n\t\t\t\t\t\t<section class=\"elementor-section elementor-inner-section elementor-element elementor-element-13f4321 elementor-section-full_width elementor-section-content-middle elementor-section-height-default elementor-section-height-default\" data-id=\"13f4321\" data-element_type=\"section\" data-e-type=\"section\">\n\t\t\t\t\t\t<div class=\"elementor-container elementor-column-gap-default\">\n\t\t\t\t\t<div class=\"elementor-column elementor-col-50 elementor-inner-column elementor-element elementor-element-53d52372\" data-id=\"53d52372\" data-element_type=\"column\" data-e-type=\"column\">\n\t\t\t<div class=\"elementor-widget-wrap elementor-element-populated\">\n\t\t\t\t\t\t<div class=\"elementor-element elementor-element-221a2f30 elementor-widget elementor-widget-image\" data-id=\"221a2f30\" data-element_type=\"widget\" data-e-type=\"widget\" data-widget_type=\"image.default\">\n\t\t\t\t<div class=\"elementor-widget-container\">\n\t\t\t\t\t\t\t\t\t\t\t\t\t\t\t<img fetchpriority=\"high\" decoding=\"async\" width=\"657\" height=\"439\" src=\"https:\/\/gr107.org\/wp-content\/uploads\/2024\/11\/Repartition-des-pharmacies-sur-le-GR10-et-leurs-coordonnees.jpeg\" class=\"attachment-medium_large size-medium_large wp-image-6082\" alt=\"Les pharmacies sur le GR107\" srcset=\"https:\/\/gr107.org\/wp-content\/uploads\/2024\/11\/Repartition-des-pharmacies-sur-le-GR10-et-leurs-coordonnees.jpeg 657w, https:\/\/gr107.org\/wp-content\/uploads\/2024\/11\/Repartition-des-pharmacies-sur-le-GR10-et-leurs-coordonnees-300x200.jpeg 300w\" sizes=\"(max-width: 657px) 100vw, 657px\" \/>\t\t\t\t\t\t\t\t\t\t\t\t\t\t\t<\/div>\n\t\t\t\t<\/div>\n\t\t\t\t\t<\/div>\n\t\t<\/div>\n\t\t\t\t<div class=\"elementor-column elementor-col-50 elementor-inner-column elementor-element elementor-element-45f992ea\" data-id=\"45f992ea\" data-element_type=\"column\" data-e-type=\"column\">\n\t\t\t<div class=\"elementor-widget-wrap elementor-element-populated\">\n\t\t\t\t\t\t<div class=\"elementor-element elementor-element-41ebffbc elementor-widget elementor-widget-heading\" data-id=\"41ebffbc\" data-element_type=\"widget\" data-e-type=\"widget\" data-widget_type=\"heading.default\">\n\t\t\t\t<div class=\"elementor-widget-container\">\n\t\t\t\t\t<h2 class=\"elementor-heading-title elementor-size-default\">R\u00e9partition des pharmacies sur le GR107 et leurs coordonn\u00e9es\n\n<\/h2>\t\t\t\t<\/div>\n\t\t\t\t<\/div>\n\t\t\t\t<div class=\"elementor-element elementor-element-34590fcd elementor-widget elementor-widget-text-editor\" data-id=\"34590fcd\" data-element_type=\"widget\" data-e-type=\"widget\" data-widget_type=\"text-editor.default\">\n\t\t\t\t<div class=\"elementor-widget-container\">\n\t\t\t\t\t\t\t\t\t<p>Les pharmacies sur le GR107. Lors de votre pr\u00e9paration pour le GR\u00ae107, il est crucial de rep\u00e9rer les pharmacies le long du parcours. Une pharmacie peut \u00eatre indispensable pour continuer votre aventure dans de bonnes conditions. M\u00eame avec une bonne pr\u00e9paration, il est courant de devoir acheter des bandages, des comprim\u00e9s pour la douleur, etc.<\/p><p>Cette carte vous pr\u00e9sente la r\u00e9partition des pharmacies pr\u00e9sentes sur l\u2019ensemble du parcours du GR\u00ae107.<\/p>\t\t\t\t\t\t\t\t<\/div>\n\t\t\t\t<\/div>\n\t\t\t\t\t<\/div>\n\t\t<\/div>\n\t\t\t\t\t<\/div>\n\t\t<\/section>\n\t\t\t\t<div class=\"elementor-element elementor-element-2f5937c2 elementor-hidden-mobile elementor-widget elementor-widget-heading\" data-id=\"2f5937c2\" data-element_type=\"widget\" data-e-type=\"widget\" data-widget_type=\"heading.default\">\n\t\t\t\t<div class=\"elementor-widget-container\">\n\t\t\t\t\t<h3 class=\"elementor-heading-title elementor-size-default\">Carte dynamique du positionnement des pharmacies sur le GR107.<\/h3>\t\t\t\t<\/div>\n\t\t\t\t<\/div>\n\t\t\t\t<div class=\"elementor-element elementor-element-60d02b7 elementor-widget elementor-widget-html\" data-id=\"60d02b7\" data-element_type=\"widget\" data-e-type=\"widget\" data-widget_type=\"html.default\">\n\t\t\t\t<div class=\"elementor-widget-container\">\n\t\t\t\t\t<iframe src=\"https:\/\/macarte.ign.fr\/carte\/Y4rHxu\/PHARMACIES-GR107\" width=\"100%\" height=\"850px\"><\/iframe>\t\t\t\t<\/div>\n\t\t\t\t<\/div>\n\t\t\t\t<section class=\"elementor-section elementor-inner-section elementor-element elementor-element-8b4e05c elementor-section-boxed elementor-section-height-default elementor-section-height-default\" data-id=\"8b4e05c\" data-element_type=\"section\" data-e-type=\"section\">\n\t\t\t\t\t\t<div class=\"elementor-container elementor-column-gap-default\">\n\t\t\t\t\t<div class=\"elementor-column elementor-col-50 elementor-inner-column elementor-element elementor-element-778643ae\" data-id=\"778643ae\" data-element_type=\"column\" data-e-type=\"column\">\n\t\t\t<div class=\"elementor-widget-wrap elementor-element-populated\">\n\t\t\t\t\t\t<div class=\"elementor-element elementor-element-1697e2a9 elementor-widget elementor-widget-heading\" data-id=\"1697e2a9\" data-element_type=\"widget\" data-e-type=\"widget\" data-widget_type=\"heading.default\">\n\t\t\t\t<div class=\"elementor-widget-container\">\n\t\t\t\t\t<h3 class=\"elementor-heading-title elementor-size-default\">Foix<\/h3>\t\t\t\t<\/div>\n\t\t\t\t<\/div>\n\t\t\t\t<div class=\"elementor-element elementor-element-70836c9 elementor-widget elementor-widget-text-editor\" data-id=\"70836c9\" data-element_type=\"widget\" data-e-type=\"widget\" data-widget_type=\"text-editor.default\">\n\t\t\t\t<div class=\"elementor-widget-container\">\n\t\t\t\t\t\t\t\t\t<ul><li><strong>Pharmacie du Ch\u00e2teau<\/strong><br \/>1 Pl. Parmentier 09000 Foix<br \/>05 61 01 12 43<\/li><li><strong>Pharmacie de l&rsquo;HARMONIE<\/strong><br \/>9 Cr Gabriel Faur\u00e9 09000 Foix<br \/>05 61 65 12 20<\/li><li><strong>Pharmacie Subra-Sannac<\/strong><br \/>26 Rue Th\u00e9ophile Delcass\u00e9 09000 Foix<br \/>05 61 02 96 60<\/li><li><strong>Pharmacie du Jardin<\/strong><br \/>2 Rue de la R\u00e9sistance<br \/>05 61 65 02 58<\/li><li><strong>PHIE PRINCIPALE BOUSQUET ANNIE SELA<\/strong><br \/>61 Av. du G\u00e9n\u00e9ral Leclerc 09000 Foix<br \/>05 61 65 01 38<\/li><li><strong>Pharmacie Fondere Berdeil<\/strong><br \/>2 RUE DE LA R\u00c9SISTANCE 09000 Foix<br \/>05 61 05 60 47<\/li><\/ul>\t\t\t\t\t\t\t\t<\/div>\n\t\t\t\t<\/div>\n\t\t\t\t<div class=\"elementor-element elementor-element-370aa93d elementor-widget elementor-widget-heading\" data-id=\"370aa93d\" data-element_type=\"widget\" data-e-type=\"widget\" data-widget_type=\"heading.default\">\n\t\t\t\t<div class=\"elementor-widget-container\">\n\t\t\t\t\t<h3 class=\"elementor-heading-title elementor-size-default\">Tarascon-sur-Ari\u00e8ge <\/h3>\t\t\t\t<\/div>\n\t\t\t\t<\/div>\n\t\t\t\t<div class=\"elementor-element elementor-element-4428abb6 elementor-widget elementor-widget-text-editor\" data-id=\"4428abb6\" data-element_type=\"widget\" data-e-type=\"widget\" data-widget_type=\"text-editor.default\">\n\t\t\t\t<div class=\"elementor-widget-container\">\n\t\t\t\t\t\t\t\t\t<ul><li><strong>Pharmacie Du Castella<\/strong><br \/>9 Av. Paul Joucla 09400 Tarascon-sur-Ari\u00e8ge<br \/>05 61 05 60 09<\/li><li><strong>Pharmacie Fond\u00e8re Teychenne<\/strong><br \/>4 Pl. Jean Jaur\u00e8s, 09400 Tarascon-sur-Ari\u00e8ge<\/li><\/ul>\t\t\t\t\t\t\t\t<\/div>\n\t\t\t\t<\/div>\n\t\t\t\t<div class=\"elementor-element elementor-element-727e1812 elementor-widget elementor-widget-heading\" data-id=\"727e1812\" data-element_type=\"widget\" data-e-type=\"widget\" data-widget_type=\"heading.default\">\n\t\t\t\t<div class=\"elementor-widget-container\">\n\t\t\t\t\t<h3 class=\"elementor-heading-title elementor-size-default\">Ax-les-thermes <\/h3>\t\t\t\t<\/div>\n\t\t\t\t<\/div>\n\t\t\t\t<div class=\"elementor-element elementor-element-3fe793ec elementor-widget elementor-widget-text-editor\" data-id=\"3fe793ec\" data-element_type=\"widget\" data-e-type=\"widget\" data-widget_type=\"text-editor.default\">\n\t\t\t\t<div class=\"elementor-widget-container\">\n\t\t\t\t\t\t\t\t\t<ul><li><strong>Pharmacie Des Thermes Ax<\/strong><br \/>10 Rue Joseph Rigal, 09110 Ax-les-Thermes<br \/>05 61 64 20 28<\/li><\/ul>\t\t\t\t\t\t\t\t<\/div>\n\t\t\t\t<\/div>\n\t\t\t\t\t<\/div>\n\t\t<\/div>\n\t\t\t\t<div class=\"elementor-column elementor-col-50 elementor-inner-column elementor-element elementor-element-50021ec1\" data-id=\"50021ec1\" data-element_type=\"column\" data-e-type=\"column\">\n\t\t\t<div class=\"elementor-widget-wrap elementor-element-populated\">\n\t\t\t\t\t\t<div class=\"elementor-element elementor-element-2b84783 elementor-widget elementor-widget-heading\" data-id=\"2b84783\" data-element_type=\"widget\" data-e-type=\"widget\" data-widget_type=\"heading.default\">\n\t\t\t\t<div class=\"elementor-widget-container\">\n\t\t\t\t\t<h3 class=\"elementor-heading-title elementor-size-default\">Bellver de Cerdanya <\/h3>\t\t\t\t<\/div>\n\t\t\t\t<\/div>\n\t\t\t\t<div class=\"elementor-element elementor-element-21e66a05 elementor-widget elementor-widget-text-editor\" data-id=\"21e66a05\" data-element_type=\"widget\" data-e-type=\"widget\" data-widget_type=\"text-editor.default\">\n\t\t\t\t<div class=\"elementor-widget-container\">\n\t\t\t\t\t\t\t\t\t<ul><li><strong>Farm\u00e0cia Betriu de Bellver de Cerdanya<\/strong><br \/>Avinguda Pere Sicart 8, Bellver de Cerdanya<br \/>+34973510079<\/li><\/ul>\t\t\t\t\t\t\t\t<\/div>\n\t\t\t\t<\/div>\n\t\t\t\t<div class=\"elementor-element elementor-element-2786cc5f elementor-widget elementor-widget-heading\" data-id=\"2786cc5f\" data-element_type=\"widget\" data-e-type=\"widget\" data-widget_type=\"heading.default\">\n\t\t\t\t<div class=\"elementor-widget-container\">\n\t\t\t\t\t<h3 class=\"elementor-heading-title elementor-size-default\">Baga<\/h3>\t\t\t\t<\/div>\n\t\t\t\t<\/div>\n\t\t\t\t<div class=\"elementor-element elementor-element-4258d3d5 elementor-widget elementor-widget-text-editor\" data-id=\"4258d3d5\" data-element_type=\"widget\" data-e-type=\"widget\" data-widget_type=\"text-editor.default\">\n\t\t\t\t<div class=\"elementor-widget-container\">\n\t\t\t\t\t\t\t\t\t<ul><li><strong>Farm\u00e0cia Ortop\u00e8dia Roser Cascante<\/strong><br \/>Carrer del Raval, 55, 08695 Bag\u00e0<br \/>+34938244101<\/li><\/ul>\t\t\t\t\t\t\t\t<\/div>\n\t\t\t\t<\/div>\n\t\t\t\t<div class=\"elementor-element elementor-element-313de935 elementor-widget elementor-widget-heading\" data-id=\"313de935\" data-element_type=\"widget\" data-e-type=\"widget\" data-widget_type=\"heading.default\">\n\t\t\t\t<div class=\"elementor-widget-container\">\n\t\t\t\t\t<h3 class=\"elementor-heading-title elementor-size-default\">Berga <\/h3>\t\t\t\t<\/div>\n\t\t\t\t<\/div>\n\t\t\t\t<div class=\"elementor-element elementor-element-5cd6d40b elementor-widget elementor-widget-text-editor\" data-id=\"5cd6d40b\" data-element_type=\"widget\" data-e-type=\"widget\" data-widget_type=\"text-editor.default\">\n\t\t\t\t<div class=\"elementor-widget-container\">\n\t\t\t\t\t\t\t\t\t<ul><li><strong>Farmacia Vila Calonge<br \/><\/strong>Carrer de la Ciutat, 41, 08600 Berga, Barcelona, Espagne<br \/>+34938210518<\/li><li><strong>Farm\u00e0cia Alvarez Saz<\/strong><br \/>Gran Via, 28, 08600 Berga, Barcelona, Espagne<br \/>+34938210402<\/li><li><strong>Farm\u00e0cia Nova del Vall<\/strong><br \/>Passeig de la Ind\u00fastria, 16, 08600 Berga, Barcelona, Espagne<br \/>+34938221306<\/li><li><strong>Farm\u00e0cia Saz<\/strong><br \/>Avinguda Canal Industrial, 14, 16, 08600 Berga, Barcelona, Espagne<br \/>+34936888076<\/li><li><strong>Farm\u00e0cia Badia Soler<\/strong><br \/>Passeig de la Ind\u00fastria, 23, 08600 Berga, Barcelona, Espagne<br \/>+34938211950<\/li><li><strong>Farm\u00e0cia MARIA COSP<\/strong><br \/>Passeig de la Pau, 55, 08600 Berga, Barcelona, Espagne<br \/>+34938210125<\/li><\/ul>\t\t\t\t\t\t\t\t<\/div>\n\t\t\t\t<\/div>\n\t\t\t\t\t<\/div>\n\t\t<\/div>\n\t\t\t\t\t<\/div>\n\t\t<\/section>\n\t\t\t\t<section class=\"elementor-section elementor-inner-section elementor-element elementor-element-2b2a8c23 elementor-section-full_width elementor-section-content-middle elementor-section-height-default elementor-section-height-default\" data-id=\"2b2a8c23\" data-element_type=\"section\" data-e-type=\"section\">\n\t\t\t\t\t\t<div class=\"elementor-container elementor-column-gap-default\">\n\t\t\t\t\t<div class=\"elementor-column elementor-col-100 elementor-inner-column elementor-element elementor-element-30511045\" data-id=\"30511045\" data-element_type=\"column\" data-e-type=\"column\">\n\t\t\t<div class=\"elementor-widget-wrap elementor-element-populated\">\n\t\t\t\t\t\t<div class=\"elementor-element elementor-element-61c75ba2 elementor-align-center elementor-widget__width-auto elementor-widget elementor-widget-button\" data-id=\"61c75ba2\" data-element_type=\"widget\" data-e-type=\"widget\" data-widget_type=\"button.default\">\n\t\t\t\t<div class=\"elementor-widget-container\">\n\t\t\t\t\t\t\t\t\t<div class=\"elementor-button-wrapper\">\n\t\t\t\t\t<a class=\"elementor-button elementor-button-link elementor-size-xs\" href=\"https:\/\/gr107.org\/index.php\/portail-des-dossiers-de-preparation-au-gr107\/\">\n\t\t\t\t\t\t<span class=\"elementor-button-content-wrapper\">\n\t\t\t\t\t\t\t\t\t<span class=\"elementor-button-text\">Retour au portail des dossiers de pr\u00e9paration<\/span>\n\t\t\t\t\t<\/span>\n\t\t\t\t\t<\/a>\n\t\t\t\t<\/div>\n\t\t\t\t\t\t\t\t<\/div>\n\t\t\t\t<\/div>\n\t\t\t\t\t<\/div>\n\t\t<\/div>\n\t\t\t\t\t<\/div>\n\t\t<\/section>\n\t\t\t\t<section class=\"elementor-section elementor-inner-section elementor-element elementor-element-32e14f66 elementor-section-boxed elementor-section-height-default elementor-section-height-default\" data-id=\"32e14f66\" data-element_type=\"section\" data-e-type=\"section\">\n\t\t\t\t\t\t<div class=\"elementor-container elementor-column-gap-default\">\n\t\t\t\t\t<div class=\"elementor-column elementor-col-100 elementor-inner-column elementor-element elementor-element-552585e4\" data-id=\"552585e4\" data-element_type=\"column\" data-e-type=\"column\">\n\t\t\t<div class=\"elementor-widget-wrap elementor-element-populated\">\n\t\t\t\t\t\t<div class=\"elementor-element elementor-element-3ccb727d elementor-position-inline-start elementor-widget__width-inherit elementor-view-default elementor-mobile-position-block-start elementor-widget elementor-widget-icon-box\" data-id=\"3ccb727d\" data-element_type=\"widget\" data-e-type=\"widget\" data-widget_type=\"icon-box.default\">\n\t\t\t\t<div class=\"elementor-widget-container\">\n\t\t\t\t\t\t\t<div class=\"elementor-icon-box-wrapper\">\n\n\t\t\t\t\t\t<div class=\"elementor-icon-box-icon\">\n\t\t\t\t<span  class=\"elementor-icon\">\n\t\t\t\t<svg aria-hidden=\"true\" class=\"e-font-icon-svg e-fas-info-circle\" viewBox=\"0 0 512 512\" xmlns=\"http:\/\/www.w3.org\/2000\/svg\"><path d=\"M256 8C119.043 8 8 119.083 8 256c0 136.997 111.043 248 248 248s248-111.003 248-248C504 119.083 392.957 8 256 8zm0 110c23.196 0 42 18.804 42 42s-18.804 42-42 42-42-18.804-42-42 18.804-42 42-42zm56 254c0 6.627-5.373 12-12 12h-88c-6.627 0-12-5.373-12-12v-24c0-6.627 5.373-12 12-12h12v-64h-12c-6.627 0-12-5.373-12-12v-24c0-6.627 5.373-12 12-12h64c6.627 0 12 5.373 12 12v100h12c6.627 0 12 5.373 12 12v24z\"><\/path><\/svg>\t\t\t\t<\/span>\n\t\t\t<\/div>\n\t\t\t\n\t\t\t\t\t\t<div class=\"elementor-icon-box-content\">\n\n\t\t\t\t\n\t\t\t\t\t\t\t\t\t<p class=\"elementor-icon-box-description\">\n\t\t\t\t\t\tPoint info\t\t\t\t\t<\/p>\n\t\t\t\t\n\t\t\t<\/div>\n\t\t\t\n\t\t<\/div>\n\t\t\t\t\t\t<\/div>\n\t\t\t\t<\/div>\n\t\t\t\t<div class=\"elementor-element elementor-element-2d9653c elementor-widget elementor-widget-text-editor\" data-id=\"2d9653c\" data-element_type=\"widget\" data-e-type=\"widget\" data-widget_type=\"text-editor.default\">\n\t\t\t\t<div class=\"elementor-widget-container\">\n\t\t\t\t\t\t\t\t\t<p>Pour toutes questions relatives aux dossiers de pr\u00e9paration, n&rsquo;h\u00e9sitez pas \u00e0 contacter :<\/p><p>Eric CHAIGNEAU<br \/>Animateur b\u00e9n\u00e9vole de l&rsquo;Amis GRdistes en collaboration avec la FFRandonn\u00e9e.<br \/><a href=\"ariege@ffrandonnee.fr\" target=\"_blank\" rel=\"noopener\">ariege@ffrandonnee.fr<\/a><br \/>tel 06 83 61 48 49<\/p>\t\t\t\t\t\t\t\t<\/div>\n\t\t\t\t<\/div>\n\t\t\t\t\t<\/div>\n\t\t<\/div>\n\t\t\t\t\t<\/div>\n\t\t<\/section>\n\t\t\t\t\t<\/div>\n\t\t<\/div>\n\t\t\t\t\t<\/div>\n\t\t<\/section>\n\t\t\t\t<\/div>\n\t\t","protected":false},"excerpt":{"rendered":"<p>R\u00e9partition des pharmacies sur le GR107 et leurs coordonn\u00e9es Les pharmacies sur le GR107. Lors de votre pr\u00e9paration pour le GR\u00ae107, il est crucial de rep\u00e9rer les pharmacies le long du parcours. Une pharmacie peut \u00eatre indispensable pour continuer votre aventure dans de bonnes conditions. M\u00eame avec une bonne pr\u00e9paration, il est courant de devoir [&hellip;]<\/p>\n","protected":false},"author":1,"featured_media":6082,"parent":0,"menu_order":0,"comment_status":"closed","ping_status":"closed","template":"","meta":{"footnotes":""},"categories":[10,20],"tags":[],"class_list":["post-6088","page","type-page","status-publish","has-post-thumbnail","hentry","category-dossier-de-preparation","category-securite-sante"],"yoast_head":"<!-- This site is optimized with the Yoast SEO plugin v27.5 - https:\/\/yoast.com\/product\/yoast-seo-wordpress\/ -->\n<title>Les pharmacies sur le GR107<\/title>\n<meta name=\"description\" content=\"Gage de bonne pr\u00e9paration, retrouvez dans ce dossier la r\u00e9partition des pharmacies sur le GR107 et leurs coordonn\u00e9es.\" \/>\n<meta name=\"robots\" content=\"index, follow, max-snippet:-1, max-image-preview:large, max-video-preview:-1\" \/>\n<link rel=\"canonical\" href=\"https:\/\/gr107.org\/index.php\/les-pharmacies-sur-le-gr107\/\" \/>\n<meta property=\"og:locale\" content=\"fr_FR\" \/>\n<meta property=\"og:type\" content=\"article\" \/>\n<meta property=\"og:title\" content=\"Les pharmacies sur le GR107\" \/>\n<meta property=\"og:description\" content=\"Gage de bonne pr\u00e9paration, retrouvez dans ce dossier la r\u00e9partition des pharmacies sur le GR107 et leurs coordonn\u00e9es.\" \/>\n<meta property=\"og:url\" content=\"https:\/\/gr107.org\/index.php\/les-pharmacies-sur-le-gr107\/\" \/>\n<meta property=\"og:site_name\" content=\"GR107 - Le chemin des bonshommes\" \/>\n<meta property=\"article:modified_time\" content=\"2024-12-03T13:52:57+00:00\" \/>\n<meta property=\"og:image\" content=\"https:\/\/gr107.org\/wp-content\/uploads\/2024\/11\/Repartition-des-pharmacies-sur-le-GR10-et-leurs-coordonnees.jpeg\" \/>\n\t<meta property=\"og:image:width\" content=\"657\" \/>\n\t<meta property=\"og:image:height\" content=\"439\" \/>\n\t<meta property=\"og:image:type\" content=\"image\/jpeg\" \/>\n<meta name=\"twitter:card\" content=\"summary_large_image\" \/>\n<meta name=\"twitter:label1\" content=\"Dur\u00e9e de lecture estim\u00e9e\" \/>\n\t<meta name=\"twitter:data1\" content=\"2 minutes\" \/>\n<script type=\"application\/ld+json\" class=\"yoast-schema-graph\">{\"@context\":\"https:\\\/\\\/schema.org\",\"@graph\":[{\"@type\":\"WebPage\",\"@id\":\"https:\\\/\\\/gr107.org\\\/index.php\\\/les-pharmacies-sur-le-gr107\\\/\",\"url\":\"https:\\\/\\\/gr107.org\\\/index.php\\\/les-pharmacies-sur-le-gr107\\\/\",\"name\":\"Les pharmacies sur le GR107\",\"isPartOf\":{\"@id\":\"https:\\\/\\\/gr107.org\\\/#website\"},\"primaryImageOfPage\":{\"@id\":\"https:\\\/\\\/gr107.org\\\/index.php\\\/les-pharmacies-sur-le-gr107\\\/#primaryimage\"},\"image\":{\"@id\":\"https:\\\/\\\/gr107.org\\\/index.php\\\/les-pharmacies-sur-le-gr107\\\/#primaryimage\"},\"thumbnailUrl\":\"https:\\\/\\\/gr107.org\\\/wp-content\\\/uploads\\\/2024\\\/11\\\/Repartition-des-pharmacies-sur-le-GR10-et-leurs-coordonnees.jpeg\",\"datePublished\":\"2024-11-12T13:51:56+00:00\",\"dateModified\":\"2024-12-03T13:52:57+00:00\",\"description\":\"Gage de bonne pr\u00e9paration, retrouvez dans ce dossier la r\u00e9partition des pharmacies sur le GR107 et leurs coordonn\u00e9es.\",\"breadcrumb\":{\"@id\":\"https:\\\/\\\/gr107.org\\\/index.php\\\/les-pharmacies-sur-le-gr107\\\/#breadcrumb\"},\"inLanguage\":\"fr-FR\",\"potentialAction\":[{\"@type\":\"ReadAction\",\"target\":[\"https:\\\/\\\/gr107.org\\\/index.php\\\/les-pharmacies-sur-le-gr107\\\/\"]}]},{\"@type\":\"ImageObject\",\"inLanguage\":\"fr-FR\",\"@id\":\"https:\\\/\\\/gr107.org\\\/index.php\\\/les-pharmacies-sur-le-gr107\\\/#primaryimage\",\"url\":\"https:\\\/\\\/gr107.org\\\/wp-content\\\/uploads\\\/2024\\\/11\\\/Repartition-des-pharmacies-sur-le-GR10-et-leurs-coordonnees.jpeg\",\"contentUrl\":\"https:\\\/\\\/gr107.org\\\/wp-content\\\/uploads\\\/2024\\\/11\\\/Repartition-des-pharmacies-sur-le-GR10-et-leurs-coordonnees.jpeg\",\"width\":657,\"height\":439,\"caption\":\"Les pharmacies sur le GR107\"},{\"@type\":\"BreadcrumbList\",\"@id\":\"https:\\\/\\\/gr107.org\\\/index.php\\\/les-pharmacies-sur-le-gr107\\\/#breadcrumb\",\"itemListElement\":[{\"@type\":\"ListItem\",\"position\":1,\"name\":\"Accueil\",\"item\":\"https:\\\/\\\/gr107.org\\\/\"},{\"@type\":\"ListItem\",\"position\":2,\"name\":\"Les pharmacies sur le GR107\"}]},{\"@type\":\"WebSite\",\"@id\":\"https:\\\/\\\/gr107.org\\\/#website\",\"url\":\"https:\\\/\\\/gr107.org\\\/\",\"name\":\"GR107 - Le chemin des bonshommes\",\"description\":\"\",\"potentialAction\":[{\"@type\":\"SearchAction\",\"target\":{\"@type\":\"EntryPoint\",\"urlTemplate\":\"https:\\\/\\\/gr107.org\\\/?s={search_term_string}\"},\"query-input\":{\"@type\":\"PropertyValueSpecification\",\"valueRequired\":true,\"valueName\":\"search_term_string\"}}],\"inLanguage\":\"fr-FR\"}]}<\/script>\n<!-- \/ Yoast SEO plugin. -->","yoast_head_json":{"title":"Les pharmacies sur le GR107","description":"Gage de bonne pr\u00e9paration, retrouvez dans ce dossier la r\u00e9partition des pharmacies sur le GR107 et leurs coordonn\u00e9es.","robots":{"index":"index","follow":"follow","max-snippet":"max-snippet:-1","max-image-preview":"max-image-preview:large","max-video-preview":"max-video-preview:-1"},"canonical":"https:\/\/gr107.org\/index.php\/les-pharmacies-sur-le-gr107\/","og_locale":"fr_FR","og_type":"article","og_title":"Les pharmacies sur le GR107","og_description":"Gage de bonne pr\u00e9paration, retrouvez dans ce dossier la r\u00e9partition des pharmacies sur le GR107 et leurs coordonn\u00e9es.","og_url":"https:\/\/gr107.org\/index.php\/les-pharmacies-sur-le-gr107\/","og_site_name":"GR107 - Le chemin des bonshommes","article_modified_time":"2024-12-03T13:52:57+00:00","og_image":[{"width":657,"height":439,"url":"https:\/\/gr107.org\/wp-content\/uploads\/2024\/11\/Repartition-des-pharmacies-sur-le-GR10-et-leurs-coordonnees.jpeg","type":"image\/jpeg"}],"twitter_card":"summary_large_image","twitter_misc":{"Dur\u00e9e de lecture estim\u00e9e":"2 minutes"},"schema":{"@context":"https:\/\/schema.org","@graph":[{"@type":"WebPage","@id":"https:\/\/gr107.org\/index.php\/les-pharmacies-sur-le-gr107\/","url":"https:\/\/gr107.org\/index.php\/les-pharmacies-sur-le-gr107\/","name":"Les pharmacies sur le GR107","isPartOf":{"@id":"https:\/\/gr107.org\/#website"},"primaryImageOfPage":{"@id":"https:\/\/gr107.org\/index.php\/les-pharmacies-sur-le-gr107\/#primaryimage"},"image":{"@id":"https:\/\/gr107.org\/index.php\/les-pharmacies-sur-le-gr107\/#primaryimage"},"thumbnailUrl":"https:\/\/gr107.org\/wp-content\/uploads\/2024\/11\/Repartition-des-pharmacies-sur-le-GR10-et-leurs-coordonnees.jpeg","datePublished":"2024-11-12T13:51:56+00:00","dateModified":"2024-12-03T13:52:57+00:00","description":"Gage de bonne pr\u00e9paration, retrouvez dans ce dossier la r\u00e9partition des pharmacies sur le GR107 et leurs coordonn\u00e9es.","breadcrumb":{"@id":"https:\/\/gr107.org\/index.php\/les-pharmacies-sur-le-gr107\/#breadcrumb"},"inLanguage":"fr-FR","potentialAction":[{"@type":"ReadAction","target":["https:\/\/gr107.org\/index.php\/les-pharmacies-sur-le-gr107\/"]}]},{"@type":"ImageObject","inLanguage":"fr-FR","@id":"https:\/\/gr107.org\/index.php\/les-pharmacies-sur-le-gr107\/#primaryimage","url":"https:\/\/gr107.org\/wp-content\/uploads\/2024\/11\/Repartition-des-pharmacies-sur-le-GR10-et-leurs-coordonnees.jpeg","contentUrl":"https:\/\/gr107.org\/wp-content\/uploads\/2024\/11\/Repartition-des-pharmacies-sur-le-GR10-et-leurs-coordonnees.jpeg","width":657,"height":439,"caption":"Les pharmacies sur le GR107"},{"@type":"BreadcrumbList","@id":"https:\/\/gr107.org\/index.php\/les-pharmacies-sur-le-gr107\/#breadcrumb","itemListElement":[{"@type":"ListItem","position":1,"name":"Accueil","item":"https:\/\/gr107.org\/"},{"@type":"ListItem","position":2,"name":"Les pharmacies sur le GR107"}]},{"@type":"WebSite","@id":"https:\/\/gr107.org\/#website","url":"https:\/\/gr107.org\/","name":"GR107 - Le chemin des bonshommes","description":"","potentialAction":[{"@type":"SearchAction","target":{"@type":"EntryPoint","urlTemplate":"https:\/\/gr107.org\/?s={search_term_string}"},"query-input":{"@type":"PropertyValueSpecification","valueRequired":true,"valueName":"search_term_string"}}],"inLanguage":"fr-FR"}]}},"_links":{"self":[{"href":"https:\/\/gr107.org\/index.php\/wp-json\/wp\/v2\/pages\/6088","targetHints":{"allow":["GET"]}}],"collection":[{"href":"https:\/\/gr107.org\/index.php\/wp-json\/wp\/v2\/pages"}],"about":[{"href":"https:\/\/gr107.org\/index.php\/wp-json\/wp\/v2\/types\/page"}],"author":[{"embeddable":true,"href":"https:\/\/gr107.org\/index.php\/wp-json\/wp\/v2\/users\/1"}],"replies":[{"embeddable":true,"href":"https:\/\/gr107.org\/index.php\/wp-json\/wp\/v2\/comments?post=6088"}],"version-history":[{"count":4,"href":"https:\/\/gr107.org\/index.php\/wp-json\/wp\/v2\/pages\/6088\/revisions"}],"predecessor-version":[{"id":8588,"href":"https:\/\/gr107.org\/index.php\/wp-json\/wp\/v2\/pages\/6088\/revisions\/8588"}],"wp:featuredmedia":[{"embeddable":true,"href":"https:\/\/gr107.org\/index.php\/wp-json\/wp\/v2\/media\/6082"}],"wp:attachment":[{"href":"https:\/\/gr107.org\/index.php\/wp-json\/wp\/v2\/media?parent=6088"}],"wp:term":[{"taxonomy":"category","embeddable":true,"href":"https:\/\/gr107.org\/index.php\/wp-json\/wp\/v2\/categories?post=6088"},{"taxonomy":"post_tag","embeddable":true,"href":"https:\/\/gr107.org\/index.php\/wp-json\/wp\/v2\/tags?post=6088"}],"curies":[{"name":"wp","href":"https:\/\/api.w.org\/{rel}","templated":true}]}}