{"id":6218,"date":"2024-11-20T18:04:04","date_gmt":"2024-11-20T17:04:04","guid":{"rendered":"http:\/\/gr107.org\/?page_id=6218"},"modified":"2024-12-03T14:54:52","modified_gmt":"2024-12-03T13:54:52","slug":"les-distributeurs-de-billets-sur-le-gr107","status":"publish","type":"page","link":"https:\/\/gr107.org\/index.php\/les-distributeurs-de-billets-sur-le-gr107\/","title":{"rendered":"Les distributeurs de billets sur le GR107"},"content":{"rendered":"\t\t<div data-elementor-type=\"wp-page\" data-elementor-id=\"6218\" class=\"elementor elementor-6218\" data-elementor-post-type=\"page\">\n\t\t\t\t\t\t<section class=\"elementor-section elementor-top-section elementor-element elementor-element-439c90f6 elementor-section-boxed elementor-section-height-default elementor-section-height-default\" data-id=\"439c90f6\" data-element_type=\"section\" data-e-type=\"section\" data-settings=\"{&quot;background_background&quot;:&quot;classic&quot;}\">\n\t\t\t\t\t\t<div class=\"elementor-container elementor-column-gap-default\">\n\t\t\t\t\t<div class=\"elementor-column elementor-col-100 elementor-top-column elementor-element elementor-element-75fbb96a\" data-id=\"75fbb96a\" data-element_type=\"column\" data-e-type=\"column\" data-settings=\"{&quot;background_background&quot;:&quot;classic&quot;}\">\n\t\t\t<div class=\"elementor-widget-wrap elementor-element-populated\">\n\t\t\t\t\t\t<section class=\"elementor-section elementor-inner-section elementor-element elementor-element-3b4b067d elementor-section-full_width elementor-section-content-middle elementor-section-height-default elementor-section-height-default\" data-id=\"3b4b067d\" data-element_type=\"section\" data-e-type=\"section\">\n\t\t\t\t\t\t<div class=\"elementor-container elementor-column-gap-default\">\n\t\t\t\t\t<div class=\"elementor-column elementor-col-50 elementor-inner-column elementor-element elementor-element-e5a9817\" data-id=\"e5a9817\" data-element_type=\"column\" data-e-type=\"column\">\n\t\t\t<div class=\"elementor-widget-wrap elementor-element-populated\">\n\t\t\t\t\t\t<div class=\"elementor-element elementor-element-2d68b3c6 elementor-widget elementor-widget-image\" data-id=\"2d68b3c6\" data-element_type=\"widget\" data-e-type=\"widget\" data-widget_type=\"image.default\">\n\t\t\t\t<div class=\"elementor-widget-container\">\n\t\t\t\t\t\t\t\t\t\t\t\t\t\t\t<img fetchpriority=\"high\" decoding=\"async\" width=\"425\" height=\"282\" src=\"https:\/\/gr107.org\/wp-content\/uploads\/2024\/11\/Repartition-des-distributeurs-de-billets-sur-le-GR10.jpg\" class=\"attachment-medium_large size-medium_large wp-image-6206\" alt=\"Repartition-des-distributeurs-de-billets-sur-le-GR107\" srcset=\"https:\/\/gr107.org\/wp-content\/uploads\/2024\/11\/Repartition-des-distributeurs-de-billets-sur-le-GR10.jpg 425w, https:\/\/gr107.org\/wp-content\/uploads\/2024\/11\/Repartition-des-distributeurs-de-billets-sur-le-GR10-300x199.jpg 300w\" sizes=\"(max-width: 425px) 100vw, 425px\" \/>\t\t\t\t\t\t\t\t\t\t\t\t\t\t\t<\/div>\n\t\t\t\t<\/div>\n\t\t\t\t\t<\/div>\n\t\t<\/div>\n\t\t\t\t<div class=\"elementor-column elementor-col-50 elementor-inner-column elementor-element elementor-element-45d10685\" data-id=\"45d10685\" data-element_type=\"column\" data-e-type=\"column\">\n\t\t\t<div class=\"elementor-widget-wrap elementor-element-populated\">\n\t\t\t\t\t\t<div class=\"elementor-element elementor-element-39add125 elementor-widget elementor-widget-heading\" data-id=\"39add125\" data-element_type=\"widget\" data-e-type=\"widget\" data-widget_type=\"heading.default\">\n\t\t\t\t<div class=\"elementor-widget-container\">\n\t\t\t\t\t<h2 class=\"elementor-heading-title elementor-size-default\">Les distributeurs de billets sur le GR107\n<\/h2>\t\t\t\t<\/div>\n\t\t\t\t<\/div>\n\t\t\t\t<div class=\"elementor-element elementor-element-eb4e1e1 elementor-widget elementor-widget-heading\" data-id=\"eb4e1e1\" data-element_type=\"widget\" data-e-type=\"widget\" data-widget_type=\"heading.default\">\n\t\t\t\t<div class=\"elementor-widget-container\">\n\t\t\t\t\t<h2 class=\"elementor-heading-title elementor-size-default\">Leur r\u00e9partition le long du parcours\n<\/h2>\t\t\t\t<\/div>\n\t\t\t\t<\/div>\n\t\t\t\t<div class=\"elementor-element elementor-element-6d662712 elementor-widget elementor-widget-text-editor\" data-id=\"6d662712\" data-element_type=\"widget\" data-e-type=\"widget\" data-widget_type=\"text-editor.default\">\n\t\t\t\t<div class=\"elementor-widget-container\">\n\t\t\t\t\t\t\t\t\t<p>La question des <strong>distributeurs de billets sur le GR107<\/strong> est essentielle pour tous les randonneurs pr\u00e9parant leur aventure. Disposer d\u2019argent liquide est souvent indispensable pour r\u00e9gler vos achats courants. Que ce soit pour payer vos consommations dans les bars et restaurants, vos nuit\u00e9es en h\u00e9bergements gard\u00e9s, ou encore vos provisions dans les \u00e9piceries, avoir des liquidit\u00e9s \u00e0 port\u00e9e de main est crucial.<br \/><br \/>Le <strong>GR107<\/strong>, \u00e9galement connu comme le <em>Chemin des Bonshommes<\/em>, traverse des zones rurales et montagneuses. Sur ce type de parcours, les distributeurs de billets se font rares. Les grandes agglom\u00e9rations o\u00f9 ils sont disponibles ne se trouvent qu\u2019\u00e0 certains points strat\u00e9giques du chemin.<\/p>\t\t\t\t\t\t\t\t<\/div>\n\t\t\t\t<\/div>\n\t\t\t\t\t<\/div>\n\t\t<\/div>\n\t\t\t\t\t<\/div>\n\t\t<\/section>\n\t\t\t\t<section class=\"elementor-section elementor-inner-section elementor-element elementor-element-6d16f7fe elementor-section-full_width elementor-section-content-middle elementor-section-height-default elementor-section-height-default\" data-id=\"6d16f7fe\" data-element_type=\"section\" data-e-type=\"section\">\n\t\t\t\t\t\t<div class=\"elementor-container elementor-column-gap-default\">\n\t\t\t\t\t<div class=\"elementor-column elementor-col-100 elementor-inner-column elementor-element elementor-element-12dc3b3\" data-id=\"12dc3b3\" data-element_type=\"column\" data-e-type=\"column\">\n\t\t\t<div class=\"elementor-widget-wrap elementor-element-populated\">\n\t\t\t\t\t\t<div class=\"elementor-element elementor-element-308cc1cf elementor-widget elementor-widget-heading\" data-id=\"308cc1cf\" data-element_type=\"widget\" data-e-type=\"widget\" data-widget_type=\"heading.default\">\n\t\t\t\t<div class=\"elementor-widget-container\">\n\t\t\t\t\t<h3 class=\"elementor-heading-title elementor-size-default\">Pourquoi anticiper vos retraits d\u2019argent sur le GR107 ?\n<\/h3>\t\t\t\t<\/div>\n\t\t\t\t<\/div>\n\t\t\t\t<div class=\"elementor-element elementor-element-18ae0d6a elementor-widget elementor-widget-text-editor\" data-id=\"18ae0d6a\" data-element_type=\"widget\" data-e-type=\"widget\" data-widget_type=\"text-editor.default\">\n\t\t\t\t<div class=\"elementor-widget-container\">\n\t\t\t\t\t\t\t\t\t<p>Ne laissez pas le manque de liquidit\u00e9 perturber votre randonn\u00e9e. Sur certaines \u00e9tapes, il est possible de parcourir plusieurs dizaines de kilom\u00e8tres sans croiser de distributeur. Planifier vos retraits en amont est donc une pr\u00e9caution essentielle pour \u00e9viter les impr\u00e9vus.<\/p>\t\t\t\t\t\t\t\t<\/div>\n\t\t\t\t<\/div>\n\t\t\t\t<div class=\"elementor-element elementor-element-94b339f elementor-widget elementor-widget-heading\" data-id=\"94b339f\" data-element_type=\"widget\" data-e-type=\"widget\" data-widget_type=\"heading.default\">\n\t\t\t\t<div class=\"elementor-widget-container\">\n\t\t\t\t\t<h3 class=\"elementor-heading-title elementor-size-default\">Nos conseils pour g\u00e9rer vos paiements sur le GR107 :\n<\/h3>\t\t\t\t<\/div>\n\t\t\t\t<\/div>\n\t\t\t\t<div class=\"elementor-element elementor-element-8cbd674 elementor-widget elementor-widget-text-editor\" data-id=\"8cbd674\" data-element_type=\"widget\" data-e-type=\"widget\" data-widget_type=\"text-editor.default\">\n\t\t\t\t<div class=\"elementor-widget-container\">\n\t\t\t\t\t\t\t\t\t<ul><li><strong>Pr\u00e9voir des ch\u00e8ques<\/strong> : Ils peuvent \u00eatre utiles pour r\u00e9gler vos grandes d\u00e9penses, comme les nuit\u00e9es en g\u00eetes, refuges ou h\u00f4tels.<\/li><li><strong>Emporter votre carte bancaire<\/strong> : Elle est parfois accept\u00e9e dans certains \u00e9tablissements.<\/li><li><strong>Avoir suffisamment de liquide<\/strong> : Pour couvrir les achats dans des zones o\u00f9 ch\u00e8ques et cartes ne sont pas accept\u00e9s.<\/li><\/ul>\t\t\t\t\t\t\t\t<\/div>\n\t\t\t\t<\/div>\n\t\t\t\t<div class=\"elementor-element elementor-element-b877c14 elementor-widget elementor-widget-image\" data-id=\"b877c14\" data-element_type=\"widget\" data-e-type=\"widget\" data-widget_type=\"image.default\">\n\t\t\t\t<div class=\"elementor-widget-container\">\n\t\t\t\t\t\t\t\t\t\t\t\t<figure class=\"wp-caption\">\n\t\t\t\t\t\t\t\t\t\t\t<a href=\"https:\/\/gr107.org\/wp-content\/uploads\/2024\/11\/Carte-des-distributeurs-de-billets-sur-le-GR107.jpg\" data-elementor-open-lightbox=\"yes\" data-elementor-lightbox-title=\"Carte des distributeurs de billets sur le GR107\" data-e-action-hash=\"#elementor-action%3Aaction%3Dlightbox%26settings%3DeyJpZCI6NjIxNSwidXJsIjoiaHR0cHM6XC9cL2dyMTA3Lm9yZ1wvd3AtY29udGVudFwvdXBsb2Fkc1wvMjAyNFwvMTFcL0NhcnRlLWRlcy1kaXN0cmlidXRldXJzLWRlLWJpbGxldHMtc3VyLWxlLUdSMTA3LmpwZyJ9\">\n\t\t\t\t\t\t\t<img decoding=\"async\" width=\"535\" height=\"1024\" src=\"https:\/\/gr107.org\/wp-content\/uploads\/2024\/11\/Carte-des-distributeurs-de-billets-sur-le-GR107-535x1024.jpg\" class=\"attachment-large size-large wp-image-6215\" alt=\"Carte des distributeurs de billets sur le GR107\" srcset=\"https:\/\/gr107.org\/wp-content\/uploads\/2024\/11\/Carte-des-distributeurs-de-billets-sur-le-GR107-535x1024.jpg 535w, https:\/\/gr107.org\/wp-content\/uploads\/2024\/11\/Carte-des-distributeurs-de-billets-sur-le-GR107-157x300.jpg 157w, https:\/\/gr107.org\/wp-content\/uploads\/2024\/11\/Carte-des-distributeurs-de-billets-sur-le-GR107-768x1471.jpg 768w, https:\/\/gr107.org\/wp-content\/uploads\/2024\/11\/Carte-des-distributeurs-de-billets-sur-le-GR107-802x1536.jpg 802w, https:\/\/gr107.org\/wp-content\/uploads\/2024\/11\/Carte-des-distributeurs-de-billets-sur-le-GR107-1069x2048.jpg 1069w, https:\/\/gr107.org\/wp-content\/uploads\/2024\/11\/Carte-des-distributeurs-de-billets-sur-le-GR107.jpg 1178w\" sizes=\"(max-width: 535px) 100vw, 535px\" \/>\t\t\t\t\t\t\t\t<\/a>\n\t\t\t\t\t\t\t\t\t\t\t<figcaption class=\"widget-image-caption wp-caption-text\">Carte des distributeurs de billets sur le GR107<\/figcaption>\n\t\t\t\t\t\t\t\t\t\t<\/figure>\n\t\t\t\t\t\t\t\t\t<\/div>\n\t\t\t\t<\/div>\n\t\t\t\t\t<\/div>\n\t\t<\/div>\n\t\t\t\t\t<\/div>\n\t\t<\/section>\n\t\t\t\t<section class=\"elementor-section elementor-inner-section elementor-element elementor-element-12c25899 elementor-section-full_width elementor-section-content-middle elementor-section-height-default elementor-section-height-default\" data-id=\"12c25899\" data-element_type=\"section\" data-e-type=\"section\">\n\t\t\t\t\t\t<div class=\"elementor-container elementor-column-gap-default\">\n\t\t\t\t\t<div class=\"elementor-column elementor-col-100 elementor-inner-column elementor-element elementor-element-14a9046e\" data-id=\"14a9046e\" data-element_type=\"column\" data-e-type=\"column\">\n\t\t\t<div class=\"elementor-widget-wrap elementor-element-populated\">\n\t\t\t\t\t\t<div class=\"elementor-element elementor-element-5ba4dfbb elementor-align-center elementor-widget__width-auto elementor-widget elementor-widget-button\" data-id=\"5ba4dfbb\" data-element_type=\"widget\" data-e-type=\"widget\" data-widget_type=\"button.default\">\n\t\t\t\t<div class=\"elementor-widget-container\">\n\t\t\t\t\t\t\t\t\t<div class=\"elementor-button-wrapper\">\n\t\t\t\t\t<a class=\"elementor-button elementor-button-link elementor-size-xs\" href=\"https:\/\/gr107.org\/index.php\/portail-des-dossiers-de-preparation-au-gr107\/\">\n\t\t\t\t\t\t<span class=\"elementor-button-content-wrapper\">\n\t\t\t\t\t\t\t\t\t<span class=\"elementor-button-text\">Retour au portail des dossiers de pr\u00e9paration<\/span>\n\t\t\t\t\t<\/span>\n\t\t\t\t\t<\/a>\n\t\t\t\t<\/div>\n\t\t\t\t\t\t\t\t<\/div>\n\t\t\t\t<\/div>\n\t\t\t\t\t<\/div>\n\t\t<\/div>\n\t\t\t\t\t<\/div>\n\t\t<\/section>\n\t\t\t\t<section class=\"elementor-section elementor-inner-section elementor-element elementor-element-4f346901 elementor-section-boxed elementor-section-height-default elementor-section-height-default\" data-id=\"4f346901\" data-element_type=\"section\" data-e-type=\"section\">\n\t\t\t\t\t\t<div class=\"elementor-container elementor-column-gap-default\">\n\t\t\t\t\t<div class=\"elementor-column elementor-col-100 elementor-inner-column elementor-element elementor-element-1814510d\" data-id=\"1814510d\" data-element_type=\"column\" data-e-type=\"column\">\n\t\t\t<div class=\"elementor-widget-wrap elementor-element-populated\">\n\t\t\t\t\t\t<div class=\"elementor-element elementor-element-7b5c0b85 elementor-position-inline-start elementor-widget__width-inherit elementor-view-default elementor-mobile-position-block-start elementor-widget elementor-widget-icon-box\" data-id=\"7b5c0b85\" data-element_type=\"widget\" data-e-type=\"widget\" data-widget_type=\"icon-box.default\">\n\t\t\t\t<div class=\"elementor-widget-container\">\n\t\t\t\t\t\t\t<div class=\"elementor-icon-box-wrapper\">\n\n\t\t\t\t\t\t<div class=\"elementor-icon-box-icon\">\n\t\t\t\t<span  class=\"elementor-icon\">\n\t\t\t\t<svg aria-hidden=\"true\" class=\"e-font-icon-svg e-fas-info-circle\" viewBox=\"0 0 512 512\" xmlns=\"http:\/\/www.w3.org\/2000\/svg\"><path d=\"M256 8C119.043 8 8 119.083 8 256c0 136.997 111.043 248 248 248s248-111.003 248-248C504 119.083 392.957 8 256 8zm0 110c23.196 0 42 18.804 42 42s-18.804 42-42 42-42-18.804-42-42 18.804-42 42-42zm56 254c0 6.627-5.373 12-12 12h-88c-6.627 0-12-5.373-12-12v-24c0-6.627 5.373-12 12-12h12v-64h-12c-6.627 0-12-5.373-12-12v-24c0-6.627 5.373-12 12-12h64c6.627 0 12 5.373 12 12v100h12c6.627 0 12 5.373 12 12v24z\"><\/path><\/svg>\t\t\t\t<\/span>\n\t\t\t<\/div>\n\t\t\t\n\t\t\t\t\t\t<div class=\"elementor-icon-box-content\">\n\n\t\t\t\t\n\t\t\t\t\t\t\t\t\t<p class=\"elementor-icon-box-description\">\n\t\t\t\t\t\tPoint info\t\t\t\t\t<\/p>\n\t\t\t\t\n\t\t\t<\/div>\n\t\t\t\n\t\t<\/div>\n\t\t\t\t\t\t<\/div>\n\t\t\t\t<\/div>\n\t\t\t\t<div class=\"elementor-element elementor-element-960113d elementor-widget elementor-widget-text-editor\" data-id=\"960113d\" data-element_type=\"widget\" data-e-type=\"widget\" data-widget_type=\"text-editor.default\">\n\t\t\t\t<div class=\"elementor-widget-container\">\n\t\t\t\t\t\t\t\t\t<p>Pour toutes questions relatives aux dossiers de pr\u00e9paration, n&rsquo;h\u00e9sitez pas \u00e0 contacter :<\/p><p>Eric CHAIGNEAU<br \/>Animateur b\u00e9n\u00e9vole de l&rsquo;Amis GRdistes en collaboration avec la FFRandonn\u00e9e.<br \/><a href=\"ariege@ffrandonnee.fr\" target=\"_blank\" rel=\"noopener\">ariege@ffrandonnee.fr<\/a><br \/>tel 06 83 61 48 49<\/p>\t\t\t\t\t\t\t\t<\/div>\n\t\t\t\t<\/div>\n\t\t\t\t\t<\/div>\n\t\t<\/div>\n\t\t\t\t\t<\/div>\n\t\t<\/section>\n\t\t\t\t\t<\/div>\n\t\t<\/div>\n\t\t\t\t\t<\/div>\n\t\t<\/section>\n\t\t\t\t<\/div>\n\t\t","protected":false},"excerpt":{"rendered":"<p>Les distributeurs de billets sur le GR107 Leur r\u00e9partition le long du parcours La question des distributeurs de billets sur le GR107 est essentielle pour tous les randonneurs pr\u00e9parant leur aventure. Disposer d\u2019argent liquide est souvent indispensable pour r\u00e9gler vos achats courants. Que ce soit pour payer vos consommations dans les bars et restaurants, vos [&hellip;]<\/p>\n","protected":false},"author":1,"featured_media":6206,"parent":0,"menu_order":0,"comment_status":"closed","ping_status":"closed","template":"","meta":{"footnotes":""},"categories":[10,17],"tags":[],"class_list":["post-6218","page","type-page","status-publish","has-post-thumbnail","hentry","category-dossier-de-preparation","category-materiel"],"yoast_head":"<!-- This site is optimized with the Yoast SEO plugin v27.4 - https:\/\/yoast.com\/product\/yoast-seo-wordpress\/ -->\n<title>Les distributeurs de billets sur le GR107 - GR107 - Le chemin des bonshommes<\/title>\n<meta name=\"description\" content=\"La r\u00e9partition des distributeurs de billets sur le GR107 vous aidera \u00e0 anticiper vos besoins en mati\u00e8re d&#039;argent liquide.\" \/>\n<meta name=\"robots\" content=\"index, follow, max-snippet:-1, max-image-preview:large, max-video-preview:-1\" \/>\n<link rel=\"canonical\" href=\"https:\/\/gr107.org\/index.php\/les-distributeurs-de-billets-sur-le-gr107\/\" \/>\n<meta property=\"og:locale\" content=\"fr_FR\" \/>\n<meta property=\"og:type\" content=\"article\" \/>\n<meta property=\"og:title\" content=\"Les distributeurs de billets sur le GR107 - GR107 - Le chemin des bonshommes\" \/>\n<meta property=\"og:description\" content=\"La r\u00e9partition des distributeurs de billets sur le GR107 vous aidera \u00e0 anticiper vos besoins en mati\u00e8re d&#039;argent liquide.\" \/>\n<meta property=\"og:url\" content=\"https:\/\/gr107.org\/index.php\/les-distributeurs-de-billets-sur-le-gr107\/\" \/>\n<meta property=\"og:site_name\" content=\"GR107 - Le chemin des bonshommes\" \/>\n<meta property=\"article:modified_time\" content=\"2024-12-03T13:54:52+00:00\" \/>\n<meta property=\"og:image\" content=\"https:\/\/gr107.org\/wp-content\/uploads\/2024\/11\/Repartition-des-distributeurs-de-billets-sur-le-GR10.jpg\" \/>\n\t<meta property=\"og:image:width\" content=\"425\" \/>\n\t<meta property=\"og:image:height\" content=\"282\" \/>\n\t<meta property=\"og:image:type\" content=\"image\/jpeg\" \/>\n<meta name=\"twitter:card\" content=\"summary_large_image\" \/>\n<meta name=\"twitter:label1\" content=\"Dur\u00e9e de lecture estim\u00e9e\" \/>\n\t<meta name=\"twitter:data1\" content=\"2 minutes\" \/>\n<script type=\"application\/ld+json\" class=\"yoast-schema-graph\">{\"@context\":\"https:\\\/\\\/schema.org\",\"@graph\":[{\"@type\":\"WebPage\",\"@id\":\"https:\\\/\\\/gr107.org\\\/index.php\\\/les-distributeurs-de-billets-sur-le-gr107\\\/\",\"url\":\"https:\\\/\\\/gr107.org\\\/index.php\\\/les-distributeurs-de-billets-sur-le-gr107\\\/\",\"name\":\"Les distributeurs de billets sur le GR107 - GR107 - Le chemin des bonshommes\",\"isPartOf\":{\"@id\":\"https:\\\/\\\/gr107.org\\\/#website\"},\"primaryImageOfPage\":{\"@id\":\"https:\\\/\\\/gr107.org\\\/index.php\\\/les-distributeurs-de-billets-sur-le-gr107\\\/#primaryimage\"},\"image\":{\"@id\":\"https:\\\/\\\/gr107.org\\\/index.php\\\/les-distributeurs-de-billets-sur-le-gr107\\\/#primaryimage\"},\"thumbnailUrl\":\"https:\\\/\\\/gr107.org\\\/wp-content\\\/uploads\\\/2024\\\/11\\\/Repartition-des-distributeurs-de-billets-sur-le-GR10.jpg\",\"datePublished\":\"2024-11-20T17:04:04+00:00\",\"dateModified\":\"2024-12-03T13:54:52+00:00\",\"description\":\"La r\u00e9partition des distributeurs de billets sur le GR107 vous aidera \u00e0 anticiper vos besoins en mati\u00e8re d'argent liquide.\",\"breadcrumb\":{\"@id\":\"https:\\\/\\\/gr107.org\\\/index.php\\\/les-distributeurs-de-billets-sur-le-gr107\\\/#breadcrumb\"},\"inLanguage\":\"fr-FR\",\"potentialAction\":[{\"@type\":\"ReadAction\",\"target\":[\"https:\\\/\\\/gr107.org\\\/index.php\\\/les-distributeurs-de-billets-sur-le-gr107\\\/\"]}]},{\"@type\":\"ImageObject\",\"inLanguage\":\"fr-FR\",\"@id\":\"https:\\\/\\\/gr107.org\\\/index.php\\\/les-distributeurs-de-billets-sur-le-gr107\\\/#primaryimage\",\"url\":\"https:\\\/\\\/gr107.org\\\/wp-content\\\/uploads\\\/2024\\\/11\\\/Repartition-des-distributeurs-de-billets-sur-le-GR10.jpg\",\"contentUrl\":\"https:\\\/\\\/gr107.org\\\/wp-content\\\/uploads\\\/2024\\\/11\\\/Repartition-des-distributeurs-de-billets-sur-le-GR10.jpg\",\"width\":425,\"height\":282,\"caption\":\"Repartition-des-distributeurs-de-billets-sur-le-GR107\"},{\"@type\":\"BreadcrumbList\",\"@id\":\"https:\\\/\\\/gr107.org\\\/index.php\\\/les-distributeurs-de-billets-sur-le-gr107\\\/#breadcrumb\",\"itemListElement\":[{\"@type\":\"ListItem\",\"position\":1,\"name\":\"Accueil\",\"item\":\"https:\\\/\\\/gr107.org\\\/\"},{\"@type\":\"ListItem\",\"position\":2,\"name\":\"Les distributeurs de billets sur le GR107\"}]},{\"@type\":\"WebSite\",\"@id\":\"https:\\\/\\\/gr107.org\\\/#website\",\"url\":\"https:\\\/\\\/gr107.org\\\/\",\"name\":\"GR107 - Le chemin des bonshommes\",\"description\":\"\",\"potentialAction\":[{\"@type\":\"SearchAction\",\"target\":{\"@type\":\"EntryPoint\",\"urlTemplate\":\"https:\\\/\\\/gr107.org\\\/?s={search_term_string}\"},\"query-input\":{\"@type\":\"PropertyValueSpecification\",\"valueRequired\":true,\"valueName\":\"search_term_string\"}}],\"inLanguage\":\"fr-FR\"}]}<\/script>\n<!-- \/ Yoast SEO plugin. -->","yoast_head_json":{"title":"Les distributeurs de billets sur le GR107 - GR107 - Le chemin des bonshommes","description":"La r\u00e9partition des distributeurs de billets sur le GR107 vous aidera \u00e0 anticiper vos besoins en mati\u00e8re d'argent liquide.","robots":{"index":"index","follow":"follow","max-snippet":"max-snippet:-1","max-image-preview":"max-image-preview:large","max-video-preview":"max-video-preview:-1"},"canonical":"https:\/\/gr107.org\/index.php\/les-distributeurs-de-billets-sur-le-gr107\/","og_locale":"fr_FR","og_type":"article","og_title":"Les distributeurs de billets sur le GR107 - GR107 - Le chemin des bonshommes","og_description":"La r\u00e9partition des distributeurs de billets sur le GR107 vous aidera \u00e0 anticiper vos besoins en mati\u00e8re d'argent liquide.","og_url":"https:\/\/gr107.org\/index.php\/les-distributeurs-de-billets-sur-le-gr107\/","og_site_name":"GR107 - Le chemin des bonshommes","article_modified_time":"2024-12-03T13:54:52+00:00","og_image":[{"width":425,"height":282,"url":"https:\/\/gr107.org\/wp-content\/uploads\/2024\/11\/Repartition-des-distributeurs-de-billets-sur-le-GR10.jpg","type":"image\/jpeg"}],"twitter_card":"summary_large_image","twitter_misc":{"Dur\u00e9e de lecture estim\u00e9e":"2 minutes"},"schema":{"@context":"https:\/\/schema.org","@graph":[{"@type":"WebPage","@id":"https:\/\/gr107.org\/index.php\/les-distributeurs-de-billets-sur-le-gr107\/","url":"https:\/\/gr107.org\/index.php\/les-distributeurs-de-billets-sur-le-gr107\/","name":"Les distributeurs de billets sur le GR107 - GR107 - Le chemin des bonshommes","isPartOf":{"@id":"https:\/\/gr107.org\/#website"},"primaryImageOfPage":{"@id":"https:\/\/gr107.org\/index.php\/les-distributeurs-de-billets-sur-le-gr107\/#primaryimage"},"image":{"@id":"https:\/\/gr107.org\/index.php\/les-distributeurs-de-billets-sur-le-gr107\/#primaryimage"},"thumbnailUrl":"https:\/\/gr107.org\/wp-content\/uploads\/2024\/11\/Repartition-des-distributeurs-de-billets-sur-le-GR10.jpg","datePublished":"2024-11-20T17:04:04+00:00","dateModified":"2024-12-03T13:54:52+00:00","description":"La r\u00e9partition des distributeurs de billets sur le GR107 vous aidera \u00e0 anticiper vos besoins en mati\u00e8re d'argent liquide.","breadcrumb":{"@id":"https:\/\/gr107.org\/index.php\/les-distributeurs-de-billets-sur-le-gr107\/#breadcrumb"},"inLanguage":"fr-FR","potentialAction":[{"@type":"ReadAction","target":["https:\/\/gr107.org\/index.php\/les-distributeurs-de-billets-sur-le-gr107\/"]}]},{"@type":"ImageObject","inLanguage":"fr-FR","@id":"https:\/\/gr107.org\/index.php\/les-distributeurs-de-billets-sur-le-gr107\/#primaryimage","url":"https:\/\/gr107.org\/wp-content\/uploads\/2024\/11\/Repartition-des-distributeurs-de-billets-sur-le-GR10.jpg","contentUrl":"https:\/\/gr107.org\/wp-content\/uploads\/2024\/11\/Repartition-des-distributeurs-de-billets-sur-le-GR10.jpg","width":425,"height":282,"caption":"Repartition-des-distributeurs-de-billets-sur-le-GR107"},{"@type":"BreadcrumbList","@id":"https:\/\/gr107.org\/index.php\/les-distributeurs-de-billets-sur-le-gr107\/#breadcrumb","itemListElement":[{"@type":"ListItem","position":1,"name":"Accueil","item":"https:\/\/gr107.org\/"},{"@type":"ListItem","position":2,"name":"Les distributeurs de billets sur le GR107"}]},{"@type":"WebSite","@id":"https:\/\/gr107.org\/#website","url":"https:\/\/gr107.org\/","name":"GR107 - Le chemin des bonshommes","description":"","potentialAction":[{"@type":"SearchAction","target":{"@type":"EntryPoint","urlTemplate":"https:\/\/gr107.org\/?s={search_term_string}"},"query-input":{"@type":"PropertyValueSpecification","valueRequired":true,"valueName":"search_term_string"}}],"inLanguage":"fr-FR"}]}},"_links":{"self":[{"href":"https:\/\/gr107.org\/index.php\/wp-json\/wp\/v2\/pages\/6218","targetHints":{"allow":["GET"]}}],"collection":[{"href":"https:\/\/gr107.org\/index.php\/wp-json\/wp\/v2\/pages"}],"about":[{"href":"https:\/\/gr107.org\/index.php\/wp-json\/wp\/v2\/types\/page"}],"author":[{"embeddable":true,"href":"https:\/\/gr107.org\/index.php\/wp-json\/wp\/v2\/users\/1"}],"replies":[{"embeddable":true,"href":"https:\/\/gr107.org\/index.php\/wp-json\/wp\/v2\/comments?post=6218"}],"version-history":[{"count":3,"href":"https:\/\/gr107.org\/index.php\/wp-json\/wp\/v2\/pages\/6218\/revisions"}],"predecessor-version":[{"id":8246,"href":"https:\/\/gr107.org\/index.php\/wp-json\/wp\/v2\/pages\/6218\/revisions\/8246"}],"wp:featuredmedia":[{"embeddable":true,"href":"https:\/\/gr107.org\/index.php\/wp-json\/wp\/v2\/media\/6206"}],"wp:attachment":[{"href":"https:\/\/gr107.org\/index.php\/wp-json\/wp\/v2\/media?parent=6218"}],"wp:term":[{"taxonomy":"category","embeddable":true,"href":"https:\/\/gr107.org\/index.php\/wp-json\/wp\/v2\/categories?post=6218"},{"taxonomy":"post_tag","embeddable":true,"href":"https:\/\/gr107.org\/index.php\/wp-json\/wp\/v2\/tags?post=6218"}],"curies":[{"name":"wp","href":"https:\/\/api.w.org\/{rel}","templated":true}]}}