{"id":6697,"date":"2024-10-07T14:53:53","date_gmt":"2024-10-07T12:53:53","guid":{"rendered":"http:\/\/gr107.org\/?page_id=6697"},"modified":"2025-01-24T15:21:12","modified_gmt":"2025-01-24T14:21:12","slug":"les-hebergements-sur-le-gr107","status":"publish","type":"page","link":"https:\/\/gr107.org\/index.php\/les-hebergements-sur-le-gr107\/","title":{"rendered":"Les h\u00e9bergements sur le GR107"},"content":{"rendered":"\t\t<div data-elementor-type=\"wp-page\" data-elementor-id=\"6697\" class=\"elementor elementor-6697\" data-elementor-post-type=\"page\">\n\t\t\t\t\t\t<section class=\"elementor-section elementor-top-section elementor-element elementor-element-7cf9aa15 elementor-section-boxed elementor-section-height-default elementor-section-height-default\" data-id=\"7cf9aa15\" data-element_type=\"section\" data-e-type=\"section\" data-settings=\"{&quot;background_background&quot;:&quot;classic&quot;}\">\n\t\t\t\t\t\t<div class=\"elementor-container elementor-column-gap-default\">\n\t\t\t\t\t<div class=\"elementor-column elementor-col-100 elementor-top-column elementor-element elementor-element-14fbb430\" data-id=\"14fbb430\" data-element_type=\"column\" data-e-type=\"column\" data-settings=\"{&quot;background_background&quot;:&quot;classic&quot;}\">\n\t\t\t<div class=\"elementor-widget-wrap elementor-element-populated\">\n\t\t\t\t\t\t<section class=\"elementor-section elementor-inner-section elementor-element elementor-element-7d89644c elementor-section-full_width elementor-section-content-middle elementor-section-height-default elementor-section-height-default\" data-id=\"7d89644c\" data-element_type=\"section\" data-e-type=\"section\">\n\t\t\t\t\t\t<div class=\"elementor-container elementor-column-gap-default\">\n\t\t\t\t\t<div class=\"elementor-column elementor-col-50 elementor-inner-column elementor-element elementor-element-16038b06\" data-id=\"16038b06\" data-element_type=\"column\" data-e-type=\"column\">\n\t\t\t<div class=\"elementor-widget-wrap elementor-element-populated\">\n\t\t\t\t\t\t<div class=\"elementor-element elementor-element-679801d7 elementor-widget elementor-widget-image\" data-id=\"679801d7\" data-element_type=\"widget\" data-e-type=\"widget\" data-widget_type=\"image.default\">\n\t\t\t\t<div class=\"elementor-widget-container\">\n\t\t\t\t\t\t\t\t\t\t\t\t\t\t\t<img fetchpriority=\"high\" decoding=\"async\" width=\"768\" height=\"613\" src=\"https:\/\/gr107.org\/wp-content\/uploads\/2024\/11\/Les-hebergements-du-GR107-768x613.jpg\" class=\"attachment-medium_large size-medium_large wp-image-6556\" alt=\"Les h\u00e9bergements du GR107\" srcset=\"https:\/\/gr107.org\/wp-content\/uploads\/2024\/11\/Les-hebergements-du-GR107-768x613.jpg 768w, https:\/\/gr107.org\/wp-content\/uploads\/2024\/11\/Les-hebergements-du-GR107-300x239.jpg 300w, https:\/\/gr107.org\/wp-content\/uploads\/2024\/11\/Les-hebergements-du-GR107.jpg 783w\" sizes=\"(max-width: 768px) 100vw, 768px\" \/>\t\t\t\t\t\t\t\t\t\t\t\t\t\t\t<\/div>\n\t\t\t\t<\/div>\n\t\t\t\t\t<\/div>\n\t\t<\/div>\n\t\t\t\t<div class=\"elementor-column elementor-col-50 elementor-inner-column elementor-element elementor-element-5195c898\" data-id=\"5195c898\" data-element_type=\"column\" data-e-type=\"column\">\n\t\t\t<div class=\"elementor-widget-wrap elementor-element-populated\">\n\t\t\t\t\t\t<div class=\"elementor-element elementor-element-4b7b4ce0 elementor-widget elementor-widget-heading\" data-id=\"4b7b4ce0\" data-element_type=\"widget\" data-e-type=\"widget\" data-widget_type=\"heading.default\">\n\t\t\t\t<div class=\"elementor-widget-container\">\n\t\t\t\t\t<h2 class=\"elementor-heading-title elementor-size-default\">Les h\u00e9bergements du GR107, le Chemin des Bonshommes<\/h2>\t\t\t\t<\/div>\n\t\t\t\t<\/div>\n\t\t\t\t<div class=\"elementor-element elementor-element-2d8a27f elementor-widget elementor-widget-heading\" data-id=\"2d8a27f\" data-element_type=\"widget\" data-e-type=\"widget\" data-widget_type=\"heading.default\">\n\t\t\t\t<div class=\"elementor-widget-container\">\n\t\t\t\t\t<h2 class=\"elementor-heading-title elementor-size-default\">g\u00eetes, refuges, auberges et h\u00f4tels\n\n<\/h2>\t\t\t\t<\/div>\n\t\t\t\t<\/div>\n\t\t\t\t<div class=\"elementor-element elementor-element-5177e62b elementor-widget elementor-widget-text-editor\" data-id=\"5177e62b\" data-element_type=\"widget\" data-e-type=\"widget\" data-widget_type=\"text-editor.default\">\n\t\t\t\t<div class=\"elementor-widget-container\">\n\t\t\t\t\t\t\t\t\t<p>Les h\u00e9bergements du GR107. Bienvenue sur la liste des h\u00e9bergements du GR107 ! Vous trouverez ici l&rsquo;ensemble des h\u00e9bergements gard\u00e9s (g\u00eetes d&rsquo;\u00e9tapes, refuges, chambres d&rsquo;h\u00f4tes, etc.) disponibles tout au long du parcours.<br \/><br \/>Pour trouver l&rsquo;h\u00e9bergement qui vous convient le mieux, s\u00e9lectionnez votre secteur et d\u00e9couvrez les 110 structures d&rsquo;accueil surveill\u00e9es du GR107.<\/p>\t\t\t\t\t\t\t\t<\/div>\n\t\t\t\t<\/div>\n\t\t\t\t\t<\/div>\n\t\t<\/div>\n\t\t\t\t\t<\/div>\n\t\t<\/section>\n\t\t\t\t<section class=\"elementor-section elementor-inner-section elementor-element elementor-element-744e9da elementor-section-boxed elementor-section-height-default elementor-section-height-default\" data-id=\"744e9da\" data-element_type=\"section\" data-e-type=\"section\">\n\t\t\t\t\t\t<div class=\"elementor-container elementor-column-gap-default\">\n\t\t\t\t\t<div class=\"elementor-column elementor-col-50 elementor-inner-column elementor-element elementor-element-64bc28f6\" data-id=\"64bc28f6\" data-element_type=\"column\" data-e-type=\"column\">\n\t\t\t<div class=\"elementor-widget-wrap elementor-element-populated\">\n\t\t\t\t\t\t<div class=\"elementor-element elementor-element-2fdcae52 elementor-widget elementor-widget-image\" data-id=\"2fdcae52\" data-element_type=\"widget\" data-e-type=\"widget\" data-widget_type=\"image.default\">\n\t\t\t\t<div class=\"elementor-widget-container\">\n\t\t\t\t\t\t\t\t\t\t\t\t\t\t\t<img decoding=\"async\" width=\"800\" height=\"537\" src=\"https:\/\/gr107.org\/wp-content\/uploads\/2025\/01\/carte-de-fond-general-GR107-double-1024x687.jpg\" class=\"attachment-large size-large wp-image-8451\" alt=\"carte de fond g\u00e9n\u00e9ral GR107 double\" srcset=\"https:\/\/gr107.org\/wp-content\/uploads\/2025\/01\/carte-de-fond-general-GR107-double-1024x687.jpg 1024w, https:\/\/gr107.org\/wp-content\/uploads\/2025\/01\/carte-de-fond-general-GR107-double-300x201.jpg 300w, https:\/\/gr107.org\/wp-content\/uploads\/2025\/01\/carte-de-fond-general-GR107-double-768x515.jpg 768w, https:\/\/gr107.org\/wp-content\/uploads\/2025\/01\/carte-de-fond-general-GR107-double-1536x1030.jpg 1536w, https:\/\/gr107.org\/wp-content\/uploads\/2025\/01\/carte-de-fond-general-GR107-double.jpg 1857w\" sizes=\"(max-width: 800px) 100vw, 800px\" \/>\t\t\t\t\t\t\t\t\t\t\t\t\t\t\t<\/div>\n\t\t\t\t<\/div>\n\t\t\t\t\t<\/div>\n\t\t<\/div>\n\t\t\t\t<div class=\"elementor-column elementor-col-50 elementor-inner-column elementor-element elementor-element-64542cf8\" data-id=\"64542cf8\" data-element_type=\"column\" data-e-type=\"column\">\n\t\t\t<div class=\"elementor-widget-wrap elementor-element-populated\">\n\t\t\t\t\t\t<div class=\"elementor-element elementor-element-207b3ebd elementor-position-inline-start elementor-widget__width-inherit elementor-view-default elementor-mobile-position-block-start elementor-widget elementor-widget-icon-box\" data-id=\"207b3ebd\" data-element_type=\"widget\" data-e-type=\"widget\" data-widget_type=\"icon-box.default\">\n\t\t\t\t<div class=\"elementor-widget-container\">\n\t\t\t\t\t\t\t<div class=\"elementor-icon-box-wrapper\">\n\n\t\t\t\t\t\t<div class=\"elementor-icon-box-icon\">\n\t\t\t\t<span  class=\"elementor-icon\">\n\t\t\t\t<svg aria-hidden=\"true\" class=\"e-font-icon-svg e-fas-running\" viewBox=\"0 0 416 512\" xmlns=\"http:\/\/www.w3.org\/2000\/svg\"><path d=\"M272 96c26.51 0 48-21.49 48-48S298.51 0 272 0s-48 21.49-48 48 21.49 48 48 48zM113.69 317.47l-14.8 34.52H32c-17.67 0-32 14.33-32 32s14.33 32 32 32h77.45c19.25 0 36.58-11.44 44.11-29.09l8.79-20.52-10.67-6.3c-17.32-10.23-30.06-25.37-37.99-42.61zM384 223.99h-44.03l-26.06-53.25c-12.5-25.55-35.45-44.23-61.78-50.94l-71.08-21.14c-28.3-6.8-57.77-.55-80.84 17.14l-39.67 30.41c-14.03 10.75-16.69 30.83-5.92 44.86s30.84 16.66 44.86 5.92l39.69-30.41c7.67-5.89 17.44-8 25.27-6.14l14.7 4.37-37.46 87.39c-12.62 29.48-1.31 64.01 26.3 80.31l84.98 50.17-27.47 87.73c-5.28 16.86 4.11 34.81 20.97 40.09 3.19 1 6.41 1.48 9.58 1.48 13.61 0 26.23-8.77 30.52-22.45l31.64-101.06c5.91-20.77-2.89-43.08-21.64-54.39l-61.24-36.14 31.31-78.28 20.27 41.43c8 16.34 24.92 26.89 43.11 26.89H384c17.67 0 32-14.33 32-32s-14.33-31.99-32-31.99z\"><\/path><\/svg>\t\t\t\t<\/span>\n\t\t\t<\/div>\n\t\t\t\n\t\t\t\t\t\t<div class=\"elementor-icon-box-content\">\n\n\t\t\t\t\n\t\t\t\t\t\t\t\t\t<p class=\"elementor-icon-box-description\">\n\t\t\t\t\t\tAcc\u00e8s rapide\t\t\t\t\t<\/p>\n\t\t\t\t\n\t\t\t<\/div>\n\t\t\t\n\t\t<\/div>\n\t\t\t\t\t\t<\/div>\n\t\t\t\t<\/div>\n\t\t\t\t<div class=\"elementor-element elementor-element-3c423099 elementor-widget__width-auto elementor-widget elementor-widget-button\" data-id=\"3c423099\" data-element_type=\"widget\" data-e-type=\"widget\" data-widget_type=\"button.default\">\n\t\t\t\t<div class=\"elementor-widget-container\">\n\t\t\t\t\t\t\t\t\t<div class=\"elementor-button-wrapper\">\n\t\t\t\t\t<a class=\"elementor-button elementor-button-link elementor-size-xs\" href=\"https:\/\/gr107.org\/index.php\/les-hebergements-du-gr107-en-france\/\">\n\t\t\t\t\t\t<span class=\"elementor-button-content-wrapper\">\n\t\t\t\t\t\t\t\t\t<span class=\"elementor-button-text\">Les h\u00e9bergements du GR107 en France<\/span>\n\t\t\t\t\t<\/span>\n\t\t\t\t\t<\/a>\n\t\t\t\t<\/div>\n\t\t\t\t\t\t\t\t<\/div>\n\t\t\t\t<\/div>\n\t\t\t\t<div class=\"elementor-element elementor-element-167bbe7 elementor-widget__width-auto elementor-widget elementor-widget-button\" data-id=\"167bbe7\" data-element_type=\"widget\" data-e-type=\"widget\" data-widget_type=\"button.default\">\n\t\t\t\t<div class=\"elementor-widget-container\">\n\t\t\t\t\t\t\t\t\t<div class=\"elementor-button-wrapper\">\n\t\t\t\t\t<a class=\"elementor-button elementor-button-link elementor-size-xs\" href=\"https:\/\/gr107.org\/index.php\/les-hebergements-du-gr107-en-espagne-2\/\">\n\t\t\t\t\t\t<span class=\"elementor-button-content-wrapper\">\n\t\t\t\t\t\t\t\t\t<span class=\"elementor-button-text\">Les h\u00e9bergements du  GR107 en Espagne<\/span>\n\t\t\t\t\t<\/span>\n\t\t\t\t\t<\/a>\n\t\t\t\t<\/div>\n\t\t\t\t\t\t\t\t<\/div>\n\t\t\t\t<\/div>\n\t\t\t\t<div class=\"elementor-element elementor-element-1bfe32f elementor-widget-divider--view-line elementor-widget elementor-widget-divider\" data-id=\"1bfe32f\" data-element_type=\"widget\" data-e-type=\"widget\" data-widget_type=\"divider.default\">\n\t\t\t\t<div class=\"elementor-widget-container\">\n\t\t\t\t\t\t\t<div class=\"elementor-divider\">\n\t\t\t<span class=\"elementor-divider-separator\">\n\t\t\t\t\t\t<\/span>\n\t\t<\/div>\n\t\t\t\t\t\t<\/div>\n\t\t\t\t<\/div>\n\t\t\t\t\t<\/div>\n\t\t<\/div>\n\t\t\t\t\t<\/div>\n\t\t<\/section>\n\t\t\t\t<section class=\"elementor-section elementor-inner-section elementor-element elementor-element-1900c5ee elementor-section-boxed elementor-section-height-default elementor-section-height-default\" data-id=\"1900c5ee\" data-element_type=\"section\" data-e-type=\"section\">\n\t\t\t\t\t\t<div class=\"elementor-container elementor-column-gap-default\">\n\t\t\t\t\t<div class=\"elementor-column elementor-col-100 elementor-inner-column elementor-element elementor-element-2a34feb7\" data-id=\"2a34feb7\" data-element_type=\"column\" data-e-type=\"column\">\n\t\t\t<div class=\"elementor-widget-wrap elementor-element-populated\">\n\t\t\t\t\t\t<div class=\"elementor-element elementor-element-40b36539 elementor-position-inline-start elementor-widget__width-inherit elementor-view-default elementor-mobile-position-block-start elementor-widget elementor-widget-icon-box\" data-id=\"40b36539\" data-element_type=\"widget\" data-e-type=\"widget\" data-widget_type=\"icon-box.default\">\n\t\t\t\t<div class=\"elementor-widget-container\">\n\t\t\t\t\t\t\t<div class=\"elementor-icon-box-wrapper\">\n\n\t\t\t\t\t\t<div class=\"elementor-icon-box-icon\">\n\t\t\t\t<span  class=\"elementor-icon\">\n\t\t\t\t<svg aria-hidden=\"true\" class=\"e-font-icon-svg e-fas-info-circle\" viewBox=\"0 0 512 512\" xmlns=\"http:\/\/www.w3.org\/2000\/svg\"><path d=\"M256 8C119.043 8 8 119.083 8 256c0 136.997 111.043 248 248 248s248-111.003 248-248C504 119.083 392.957 8 256 8zm0 110c23.196 0 42 18.804 42 42s-18.804 42-42 42-42-18.804-42-42 18.804-42 42-42zm56 254c0 6.627-5.373 12-12 12h-88c-6.627 0-12-5.373-12-12v-24c0-6.627 5.373-12 12-12h12v-64h-12c-6.627 0-12-5.373-12-12v-24c0-6.627 5.373-12 12-12h64c6.627 0 12 5.373 12 12v100h12c6.627 0 12 5.373 12 12v24z\"><\/path><\/svg>\t\t\t\t<\/span>\n\t\t\t<\/div>\n\t\t\t\n\t\t\t\t\t\t<div class=\"elementor-icon-box-content\">\n\n\t\t\t\t\n\t\t\t\t\t\t\t\t\t<p class=\"elementor-icon-box-description\">\n\t\t\t\t\t\tPoint info\t\t\t\t\t<\/p>\n\t\t\t\t\n\t\t\t<\/div>\n\t\t\t\n\t\t<\/div>\n\t\t\t\t\t\t<\/div>\n\t\t\t\t<\/div>\n\t\t\t\t<div class=\"elementor-element elementor-element-7630331 elementor-widget elementor-widget-text-editor\" data-id=\"7630331\" data-element_type=\"widget\" data-e-type=\"widget\" data-widget_type=\"text-editor.default\">\n\t\t\t\t<div class=\"elementor-widget-container\">\n\t\t\t\t\t\t\t\t\t<p>Pour toutes questions relatives aux dossiers de pr\u00e9paration, n&rsquo;h\u00e9sitez pas \u00e0 contacter :<\/p><p>Eric CHAIGNEAU<br \/>Animateur b\u00e9n\u00e9vole de l&rsquo;Amis GRdistes en collaboration avec la FFRandonn\u00e9e.<br \/><a href=\"ariege@ffrandonnee.fr\" target=\"_blank\" rel=\"noopener\">ariege@ffrandonnee.fr<\/a><br \/>tel 06 83 61 48 49<\/p>\t\t\t\t\t\t\t\t<\/div>\n\t\t\t\t<\/div>\n\t\t\t\t\t<\/div>\n\t\t<\/div>\n\t\t\t\t\t<\/div>\n\t\t<\/section>\n\t\t\t\t\t<\/div>\n\t\t<\/div>\n\t\t\t\t\t<\/div>\n\t\t<\/section>\n\t\t\t\t<\/div>\n\t\t","protected":false},"excerpt":{"rendered":"<p>Les h\u00e9bergements du GR107, le Chemin des Bonshommes g\u00eetes, refuges, auberges et h\u00f4tels Les h\u00e9bergements du GR107. Bienvenue sur la liste des h\u00e9bergements du GR107 ! Vous trouverez ici l&rsquo;ensemble des h\u00e9bergements gard\u00e9s (g\u00eetes d&rsquo;\u00e9tapes, refuges, chambres d&rsquo;h\u00f4tes, etc.) disponibles tout au long du parcours. Pour trouver l&rsquo;h\u00e9bergement qui vous convient le mieux, s\u00e9lectionnez votre [&hellip;]<\/p>\n","protected":false},"author":1,"featured_media":6556,"parent":0,"menu_order":0,"comment_status":"closed","ping_status":"closed","template":"","meta":{"footnotes":""},"categories":[10,12,14],"tags":[],"class_list":["post-6697","page","type-page","status-publish","has-post-thumbnail","hentry","category-dossier-de-preparation","category-hebergements-bivouacs","category-les-essentiels"],"yoast_head":"<!-- This site is optimized with the Yoast SEO plugin v27.5 - https:\/\/yoast.com\/product\/yoast-seo-wordpress\/ -->\n<title>Les h\u00e9bergements sur le GR107 - Le Chemin des Bonshommes<\/title>\n<meta name=\"description\" content=\"Liste des h\u00e9bergements sur le GR107. G\u00eetes d&#039;\u00e9tapes, h\u00f4tels, chambres d&#039;h\u00f4tes, le meilleur moyen de trouver un lieu accueillant.\" \/>\n<meta name=\"robots\" content=\"index, follow, max-snippet:-1, max-image-preview:large, max-video-preview:-1\" \/>\n<link rel=\"canonical\" href=\"https:\/\/gr107.org\/index.php\/les-hebergements-sur-le-gr107\/\" \/>\n<meta property=\"og:locale\" content=\"fr_FR\" \/>\n<meta property=\"og:type\" content=\"article\" \/>\n<meta property=\"og:title\" content=\"Les h\u00e9bergements sur le GR107 - Le Chemin des Bonshommes\" \/>\n<meta property=\"og:description\" content=\"Liste des h\u00e9bergements sur le GR107. G\u00eetes d&#039;\u00e9tapes, h\u00f4tels, chambres d&#039;h\u00f4tes, le meilleur moyen de trouver un lieu accueillant.\" \/>\n<meta property=\"og:url\" content=\"https:\/\/gr107.org\/index.php\/les-hebergements-sur-le-gr107\/\" \/>\n<meta property=\"og:site_name\" content=\"GR107 - Le chemin des bonshommes\" \/>\n<meta property=\"article:modified_time\" content=\"2025-01-24T14:21:12+00:00\" \/>\n<meta property=\"og:image\" content=\"https:\/\/gr107.org\/wp-content\/uploads\/2024\/11\/Les-hebergements-du-GR107.jpg\" \/>\n\t<meta property=\"og:image:width\" content=\"783\" \/>\n\t<meta property=\"og:image:height\" content=\"625\" \/>\n\t<meta property=\"og:image:type\" content=\"image\/jpeg\" \/>\n<meta name=\"twitter:card\" content=\"summary_large_image\" \/>\n<meta name=\"twitter:label1\" content=\"Dur\u00e9e de lecture estim\u00e9e\" \/>\n\t<meta name=\"twitter:data1\" content=\"1 minute\" \/>\n<script type=\"application\/ld+json\" class=\"yoast-schema-graph\">{\"@context\":\"https:\\\/\\\/schema.org\",\"@graph\":[{\"@type\":\"WebPage\",\"@id\":\"https:\\\/\\\/gr107.org\\\/index.php\\\/les-hebergements-sur-le-gr107\\\/\",\"url\":\"https:\\\/\\\/gr107.org\\\/index.php\\\/les-hebergements-sur-le-gr107\\\/\",\"name\":\"Les h\u00e9bergements sur le GR107 - Le Chemin des Bonshommes\",\"isPartOf\":{\"@id\":\"https:\\\/\\\/gr107.org\\\/#website\"},\"primaryImageOfPage\":{\"@id\":\"https:\\\/\\\/gr107.org\\\/index.php\\\/les-hebergements-sur-le-gr107\\\/#primaryimage\"},\"image\":{\"@id\":\"https:\\\/\\\/gr107.org\\\/index.php\\\/les-hebergements-sur-le-gr107\\\/#primaryimage\"},\"thumbnailUrl\":\"https:\\\/\\\/gr107.org\\\/wp-content\\\/uploads\\\/2024\\\/11\\\/Les-hebergements-du-GR107.jpg\",\"datePublished\":\"2024-10-07T12:53:53+00:00\",\"dateModified\":\"2025-01-24T14:21:12+00:00\",\"description\":\"Liste des h\u00e9bergements sur le GR107. G\u00eetes d'\u00e9tapes, h\u00f4tels, chambres d'h\u00f4tes, le meilleur moyen de trouver un lieu accueillant.\",\"breadcrumb\":{\"@id\":\"https:\\\/\\\/gr107.org\\\/index.php\\\/les-hebergements-sur-le-gr107\\\/#breadcrumb\"},\"inLanguage\":\"fr-FR\",\"potentialAction\":[{\"@type\":\"ReadAction\",\"target\":[\"https:\\\/\\\/gr107.org\\\/index.php\\\/les-hebergements-sur-le-gr107\\\/\"]}]},{\"@type\":\"ImageObject\",\"inLanguage\":\"fr-FR\",\"@id\":\"https:\\\/\\\/gr107.org\\\/index.php\\\/les-hebergements-sur-le-gr107\\\/#primaryimage\",\"url\":\"https:\\\/\\\/gr107.org\\\/wp-content\\\/uploads\\\/2024\\\/11\\\/Les-hebergements-du-GR107.jpg\",\"contentUrl\":\"https:\\\/\\\/gr107.org\\\/wp-content\\\/uploads\\\/2024\\\/11\\\/Les-hebergements-du-GR107.jpg\",\"width\":783,\"height\":625,\"caption\":\"Les h\u00e9bergements du GR107\"},{\"@type\":\"BreadcrumbList\",\"@id\":\"https:\\\/\\\/gr107.org\\\/index.php\\\/les-hebergements-sur-le-gr107\\\/#breadcrumb\",\"itemListElement\":[{\"@type\":\"ListItem\",\"position\":1,\"name\":\"Accueil\",\"item\":\"https:\\\/\\\/gr107.org\\\/\"},{\"@type\":\"ListItem\",\"position\":2,\"name\":\"Les h\u00e9bergements sur le GR107\"}]},{\"@type\":\"WebSite\",\"@id\":\"https:\\\/\\\/gr107.org\\\/#website\",\"url\":\"https:\\\/\\\/gr107.org\\\/\",\"name\":\"GR107 - Le chemin des bonshommes\",\"description\":\"\",\"potentialAction\":[{\"@type\":\"SearchAction\",\"target\":{\"@type\":\"EntryPoint\",\"urlTemplate\":\"https:\\\/\\\/gr107.org\\\/?s={search_term_string}\"},\"query-input\":{\"@type\":\"PropertyValueSpecification\",\"valueRequired\":true,\"valueName\":\"search_term_string\"}}],\"inLanguage\":\"fr-FR\"}]}<\/script>\n<!-- \/ Yoast SEO plugin. -->","yoast_head_json":{"title":"Les h\u00e9bergements sur le GR107 - Le Chemin des Bonshommes","description":"Liste des h\u00e9bergements sur le GR107. G\u00eetes d'\u00e9tapes, h\u00f4tels, chambres d'h\u00f4tes, le meilleur moyen de trouver un lieu accueillant.","robots":{"index":"index","follow":"follow","max-snippet":"max-snippet:-1","max-image-preview":"max-image-preview:large","max-video-preview":"max-video-preview:-1"},"canonical":"https:\/\/gr107.org\/index.php\/les-hebergements-sur-le-gr107\/","og_locale":"fr_FR","og_type":"article","og_title":"Les h\u00e9bergements sur le GR107 - Le Chemin des Bonshommes","og_description":"Liste des h\u00e9bergements sur le GR107. G\u00eetes d'\u00e9tapes, h\u00f4tels, chambres d'h\u00f4tes, le meilleur moyen de trouver un lieu accueillant.","og_url":"https:\/\/gr107.org\/index.php\/les-hebergements-sur-le-gr107\/","og_site_name":"GR107 - Le chemin des bonshommes","article_modified_time":"2025-01-24T14:21:12+00:00","og_image":[{"width":783,"height":625,"url":"https:\/\/gr107.org\/wp-content\/uploads\/2024\/11\/Les-hebergements-du-GR107.jpg","type":"image\/jpeg"}],"twitter_card":"summary_large_image","twitter_misc":{"Dur\u00e9e de lecture estim\u00e9e":"1 minute"},"schema":{"@context":"https:\/\/schema.org","@graph":[{"@type":"WebPage","@id":"https:\/\/gr107.org\/index.php\/les-hebergements-sur-le-gr107\/","url":"https:\/\/gr107.org\/index.php\/les-hebergements-sur-le-gr107\/","name":"Les h\u00e9bergements sur le GR107 - Le Chemin des Bonshommes","isPartOf":{"@id":"https:\/\/gr107.org\/#website"},"primaryImageOfPage":{"@id":"https:\/\/gr107.org\/index.php\/les-hebergements-sur-le-gr107\/#primaryimage"},"image":{"@id":"https:\/\/gr107.org\/index.php\/les-hebergements-sur-le-gr107\/#primaryimage"},"thumbnailUrl":"https:\/\/gr107.org\/wp-content\/uploads\/2024\/11\/Les-hebergements-du-GR107.jpg","datePublished":"2024-10-07T12:53:53+00:00","dateModified":"2025-01-24T14:21:12+00:00","description":"Liste des h\u00e9bergements sur le GR107. G\u00eetes d'\u00e9tapes, h\u00f4tels, chambres d'h\u00f4tes, le meilleur moyen de trouver un lieu accueillant.","breadcrumb":{"@id":"https:\/\/gr107.org\/index.php\/les-hebergements-sur-le-gr107\/#breadcrumb"},"inLanguage":"fr-FR","potentialAction":[{"@type":"ReadAction","target":["https:\/\/gr107.org\/index.php\/les-hebergements-sur-le-gr107\/"]}]},{"@type":"ImageObject","inLanguage":"fr-FR","@id":"https:\/\/gr107.org\/index.php\/les-hebergements-sur-le-gr107\/#primaryimage","url":"https:\/\/gr107.org\/wp-content\/uploads\/2024\/11\/Les-hebergements-du-GR107.jpg","contentUrl":"https:\/\/gr107.org\/wp-content\/uploads\/2024\/11\/Les-hebergements-du-GR107.jpg","width":783,"height":625,"caption":"Les h\u00e9bergements du GR107"},{"@type":"BreadcrumbList","@id":"https:\/\/gr107.org\/index.php\/les-hebergements-sur-le-gr107\/#breadcrumb","itemListElement":[{"@type":"ListItem","position":1,"name":"Accueil","item":"https:\/\/gr107.org\/"},{"@type":"ListItem","position":2,"name":"Les h\u00e9bergements sur le GR107"}]},{"@type":"WebSite","@id":"https:\/\/gr107.org\/#website","url":"https:\/\/gr107.org\/","name":"GR107 - Le chemin des bonshommes","description":"","potentialAction":[{"@type":"SearchAction","target":{"@type":"EntryPoint","urlTemplate":"https:\/\/gr107.org\/?s={search_term_string}"},"query-input":{"@type":"PropertyValueSpecification","valueRequired":true,"valueName":"search_term_string"}}],"inLanguage":"fr-FR"}]}},"_links":{"self":[{"href":"https:\/\/gr107.org\/index.php\/wp-json\/wp\/v2\/pages\/6697","targetHints":{"allow":["GET"]}}],"collection":[{"href":"https:\/\/gr107.org\/index.php\/wp-json\/wp\/v2\/pages"}],"about":[{"href":"https:\/\/gr107.org\/index.php\/wp-json\/wp\/v2\/types\/page"}],"author":[{"embeddable":true,"href":"https:\/\/gr107.org\/index.php\/wp-json\/wp\/v2\/users\/1"}],"replies":[{"embeddable":true,"href":"https:\/\/gr107.org\/index.php\/wp-json\/wp\/v2\/comments?post=6697"}],"version-history":[{"count":9,"href":"https:\/\/gr107.org\/index.php\/wp-json\/wp\/v2\/pages\/6697\/revisions"}],"predecessor-version":[{"id":8454,"href":"https:\/\/gr107.org\/index.php\/wp-json\/wp\/v2\/pages\/6697\/revisions\/8454"}],"wp:featuredmedia":[{"embeddable":true,"href":"https:\/\/gr107.org\/index.php\/wp-json\/wp\/v2\/media\/6556"}],"wp:attachment":[{"href":"https:\/\/gr107.org\/index.php\/wp-json\/wp\/v2\/media?parent=6697"}],"wp:term":[{"taxonomy":"category","embeddable":true,"href":"https:\/\/gr107.org\/index.php\/wp-json\/wp\/v2\/categories?post=6697"},{"taxonomy":"post_tag","embeddable":true,"href":"https:\/\/gr107.org\/index.php\/wp-json\/wp\/v2\/tags?post=6697"}],"curies":[{"name":"wp","href":"https:\/\/api.w.org\/{rel}","templated":true}]}}