{"id":6716,"date":"2024-11-22T15:15:08","date_gmt":"2024-11-22T14:15:08","guid":{"rendered":"http:\/\/gr107.org\/?page_id=6716"},"modified":"2024-12-03T14:55:41","modified_gmt":"2024-12-03T13:55:41","slug":"suricate-constater-et-signaler-un-probleme-sentier-sur-le-gr107","status":"publish","type":"page","link":"https:\/\/gr107.org\/index.php\/suricate-constater-et-signaler-un-probleme-sentier-sur-le-gr107\/","title":{"rendered":"SURICATE, constater et signaler un probl\u00e8me sentier sur le GR107"},"content":{"rendered":"\t\t<div data-elementor-type=\"wp-page\" data-elementor-id=\"6716\" class=\"elementor elementor-6716\" data-elementor-post-type=\"page\">\n\t\t\t\t\t\t<section class=\"elementor-section elementor-top-section elementor-element elementor-element-40adea6e elementor-section-boxed elementor-section-height-default elementor-section-height-default\" data-id=\"40adea6e\" data-element_type=\"section\" data-e-type=\"section\" data-settings=\"{&quot;background_background&quot;:&quot;classic&quot;}\">\n\t\t\t\t\t\t<div class=\"elementor-container elementor-column-gap-default\">\n\t\t\t\t\t<div class=\"elementor-column elementor-col-100 elementor-top-column elementor-element elementor-element-c4927d3\" data-id=\"c4927d3\" data-element_type=\"column\" data-e-type=\"column\" data-settings=\"{&quot;background_background&quot;:&quot;classic&quot;}\">\n\t\t\t<div class=\"elementor-widget-wrap elementor-element-populated\">\n\t\t\t\t\t\t<section class=\"elementor-section elementor-inner-section elementor-element elementor-element-42a60578 elementor-section-full_width elementor-section-content-middle elementor-section-height-default elementor-section-height-default\" data-id=\"42a60578\" data-element_type=\"section\" data-e-type=\"section\">\n\t\t\t\t\t\t<div class=\"elementor-container elementor-column-gap-default\">\n\t\t\t\t\t<div class=\"elementor-column elementor-col-50 elementor-inner-column elementor-element elementor-element-3fbf25f5\" data-id=\"3fbf25f5\" data-element_type=\"column\" data-e-type=\"column\">\n\t\t\t<div class=\"elementor-widget-wrap elementor-element-populated\">\n\t\t\t\t\t\t<div class=\"elementor-element elementor-element-464b219e elementor-widget elementor-widget-image\" data-id=\"464b219e\" data-element_type=\"widget\" data-e-type=\"widget\" data-widget_type=\"image.default\">\n\t\t\t\t<div class=\"elementor-widget-container\">\n\t\t\t\t\t\t\t\t\t\t\t\t\t\t\t<img fetchpriority=\"high\" decoding=\"async\" width=\"768\" height=\"1086\" src=\"https:\/\/gr107.org\/wp-content\/uploads\/2024\/11\/suricate-2-768x1086.png\" class=\"attachment-medium_large size-medium_large wp-image-5177\" alt=\"Suricate\" srcset=\"https:\/\/gr107.org\/wp-content\/uploads\/2024\/11\/suricate-2-768x1086.png 768w, https:\/\/gr107.org\/wp-content\/uploads\/2024\/11\/suricate-2-212x300.png 212w, https:\/\/gr107.org\/wp-content\/uploads\/2024\/11\/suricate-2-724x1024.png 724w, https:\/\/gr107.org\/wp-content\/uploads\/2024\/11\/suricate-2.png 842w\" sizes=\"(max-width: 768px) 100vw, 768px\" \/>\t\t\t\t\t\t\t\t\t\t\t\t\t\t\t<\/div>\n\t\t\t\t<\/div>\n\t\t\t\t\t<\/div>\n\t\t<\/div>\n\t\t\t\t<div class=\"elementor-column elementor-col-50 elementor-inner-column elementor-element elementor-element-c0e2d41\" data-id=\"c0e2d41\" data-element_type=\"column\" data-e-type=\"column\">\n\t\t\t<div class=\"elementor-widget-wrap elementor-element-populated\">\n\t\t\t\t\t\t<div class=\"elementor-element elementor-element-612f75a6 elementor-widget elementor-widget-heading\" data-id=\"612f75a6\" data-element_type=\"widget\" data-e-type=\"widget\" data-widget_type=\"heading.default\">\n\t\t\t\t<div class=\"elementor-widget-container\">\n\t\t\t\t\t<h2 class=\"elementor-heading-title elementor-size-default\">SURICATE, constater et signaler un probl\u00e8me sentier sur le GR107<\/h2>\t\t\t\t<\/div>\n\t\t\t\t<\/div>\n\t\t\t\t<div class=\"elementor-element elementor-element-72bbfab8 elementor-widget elementor-widget-heading\" data-id=\"72bbfab8\" data-element_type=\"widget\" data-e-type=\"widget\" data-widget_type=\"heading.default\">\n\t\t\t\t<div class=\"elementor-widget-container\">\n\t\t\t\t\t<h2 class=\"elementor-heading-title elementor-size-default\">Assurer la veille des sentiers pour votre s\u00e9curit\u00e9.\n<\/h2>\t\t\t\t<\/div>\n\t\t\t\t<\/div>\n\t\t\t\t<div class=\"elementor-element elementor-element-b9e3279 elementor-widget elementor-widget-text-editor\" data-id=\"b9e3279\" data-element_type=\"widget\" data-e-type=\"widget\" data-widget_type=\"text-editor.default\">\n\t\t\t\t<div class=\"elementor-widget-container\">\n\t\t\t\t\t\t\t\t\t<p>Suricate permet de signaler les probl\u00e8mes que vous rencontrez lors de vos loisirs et activit\u00e9s sportives de nature.<br \/><br \/>Une erreur de balisage, un panneau d\u00e9fectueux, un probl\u00e8me de pollution, un besoin de s\u00e9curisation, un conflit avec un propri\u00e9taire ou d\u2019autres pratiquants\u2026 Remplissez le formulaire, localisez le probl\u00e8me et envoyez.<br \/><br \/>Votre signalement sera trait\u00e9 par des f\u00e9d\u00e9rations sportives de nature, des D\u00e9partements et des services de l&rsquo;\u00c9tat en lien avec le P\u00f4le ressources national sports de nature du minist\u00e8re charg\u00e9 des sports.<br \/><br \/>Vous serez tenu inform\u00e9 des suites donn\u00e9es \u00e0 votre signalement.<\/p>\t\t\t\t\t\t\t\t<\/div>\n\t\t\t\t<\/div>\n\t\t\t\t<div class=\"elementor-element elementor-element-68a478c2 elementor-widget__width-auto elementor-align-center elementor-widget elementor-widget-button\" data-id=\"68a478c2\" data-element_type=\"widget\" data-e-type=\"widget\" data-widget_type=\"button.default\">\n\t\t\t\t<div class=\"elementor-widget-container\">\n\t\t\t\t\t\t\t\t\t<div class=\"elementor-button-wrapper\">\n\t\t\t\t\t<a class=\"elementor-button elementor-button-link elementor-size-xs\" href=\"https:\/\/sentinelles.sportsdenature.fr\/\" target=\"_blank\">\n\t\t\t\t\t\t<span class=\"elementor-button-content-wrapper\">\n\t\t\t\t\t\t\t\t\t<span class=\"elementor-button-text\">Signaler un probl\u00e8me<\/span>\n\t\t\t\t\t<\/span>\n\t\t\t\t\t<\/a>\n\t\t\t\t<\/div>\n\t\t\t\t\t\t\t\t<\/div>\n\t\t\t\t<\/div>\n\t\t\t\t\t<\/div>\n\t\t<\/div>\n\t\t\t\t\t<\/div>\n\t\t<\/section>\n\t\t\t\t<section class=\"elementor-section elementor-inner-section elementor-element elementor-element-71a19a76 elementor-section-boxed elementor-section-height-default elementor-section-height-default\" data-id=\"71a19a76\" data-element_type=\"section\" data-e-type=\"section\">\n\t\t\t\t\t\t<div class=\"elementor-container elementor-column-gap-default\">\n\t\t\t\t\t<div class=\"elementor-column elementor-col-100 elementor-inner-column elementor-element elementor-element-6e6c7325\" data-id=\"6e6c7325\" data-element_type=\"column\" data-e-type=\"column\">\n\t\t\t<div class=\"elementor-widget-wrap elementor-element-populated\">\n\t\t\t\t\t\t<div class=\"elementor-element elementor-element-1b4d8bc7 elementor-position-inline-start elementor-widget__width-inherit elementor-view-default elementor-mobile-position-block-start elementor-widget elementor-widget-icon-box\" data-id=\"1b4d8bc7\" data-element_type=\"widget\" data-e-type=\"widget\" data-widget_type=\"icon-box.default\">\n\t\t\t\t<div class=\"elementor-widget-container\">\n\t\t\t\t\t\t\t<div class=\"elementor-icon-box-wrapper\">\n\n\t\t\t\t\t\t<div class=\"elementor-icon-box-icon\">\n\t\t\t\t<span  class=\"elementor-icon\">\n\t\t\t\t<svg aria-hidden=\"true\" class=\"e-font-icon-svg e-fas-info-circle\" viewBox=\"0 0 512 512\" xmlns=\"http:\/\/www.w3.org\/2000\/svg\"><path d=\"M256 8C119.043 8 8 119.083 8 256c0 136.997 111.043 248 248 248s248-111.003 248-248C504 119.083 392.957 8 256 8zm0 110c23.196 0 42 18.804 42 42s-18.804 42-42 42-42-18.804-42-42 18.804-42 42-42zm56 254c0 6.627-5.373 12-12 12h-88c-6.627 0-12-5.373-12-12v-24c0-6.627 5.373-12 12-12h12v-64h-12c-6.627 0-12-5.373-12-12v-24c0-6.627 5.373-12 12-12h64c6.627 0 12 5.373 12 12v100h12c6.627 0 12 5.373 12 12v24z\"><\/path><\/svg>\t\t\t\t<\/span>\n\t\t\t<\/div>\n\t\t\t\n\t\t\t\t\t\t<div class=\"elementor-icon-box-content\">\n\n\t\t\t\t\n\t\t\t\t\t\t\t\t\t<p class=\"elementor-icon-box-description\">\n\t\t\t\t\t\tPoint info\t\t\t\t\t<\/p>\n\t\t\t\t\n\t\t\t<\/div>\n\t\t\t\n\t\t<\/div>\n\t\t\t\t\t\t<\/div>\n\t\t\t\t<\/div>\n\t\t\t\t<div class=\"elementor-element elementor-element-659756c elementor-widget elementor-widget-text-editor\" data-id=\"659756c\" data-element_type=\"widget\" data-e-type=\"widget\" data-widget_type=\"text-editor.default\">\n\t\t\t\t<div class=\"elementor-widget-container\">\n\t\t\t\t\t\t\t\t\t<p>Pour toutes questions relatives aux dossiers de pr\u00e9paration, n&rsquo;h\u00e9sitez pas \u00e0 contacter :<\/p><p>Eric CHAIGNEAU<br \/>Animateur b\u00e9n\u00e9vole de l&rsquo;Amis GRdistes en collaboration avec la FFRandonn\u00e9e.<br \/><a href=\"ariege@ffrandonnee.fr\" target=\"_blank\" rel=\"noopener\">ariege@ffrandonnee.fr<\/a><br \/>tel 06 83 61 48 49<\/p>\t\t\t\t\t\t\t\t<\/div>\n\t\t\t\t<\/div>\n\t\t\t\t\t<\/div>\n\t\t<\/div>\n\t\t\t\t\t<\/div>\n\t\t<\/section>\n\t\t\t\t\t<\/div>\n\t\t<\/div>\n\t\t\t\t\t<\/div>\n\t\t<\/section>\n\t\t\t\t<\/div>\n\t\t","protected":false},"excerpt":{"rendered":"<p>SURICATE, constater et signaler un probl\u00e8me sentier sur le GR107 Assurer la veille des sentiers pour votre s\u00e9curit\u00e9. Suricate permet de signaler les probl\u00e8mes que vous rencontrez lors de vos loisirs et activit\u00e9s sportives de nature. Une erreur de balisage, un panneau d\u00e9fectueux, un probl\u00e8me de pollution, un besoin de s\u00e9curisation, un conflit avec un [&hellip;]<\/p>\n","protected":false},"author":1,"featured_media":5177,"parent":0,"menu_order":0,"comment_status":"closed","ping_status":"closed","template":"","meta":{"footnotes":""},"categories":[10,20],"tags":[],"class_list":["post-6716","page","type-page","status-publish","has-post-thumbnail","hentry","category-dossier-de-preparation","category-securite-sante"],"yoast_head":"<!-- This site is optimized with the Yoast SEO plugin v27.4 - https:\/\/yoast.com\/product\/yoast-seo-wordpress\/ -->\n<title>SURICATE, constater et signaler un probl\u00e8me sentier sur le GR107<\/title>\n<meta name=\"description\" content=\"SURICATE, constater et signaler un probl\u00e8me sentier sur le GR107. Un portail collaboratif utile pour la bonne sant\u00e9 du parcours.\" \/>\n<meta name=\"robots\" content=\"index, follow, max-snippet:-1, max-image-preview:large, max-video-preview:-1\" \/>\n<link rel=\"canonical\" href=\"https:\/\/gr107.org\/index.php\/suricate-constater-et-signaler-un-probleme-sentier-sur-le-gr107\/\" \/>\n<meta property=\"og:locale\" content=\"fr_FR\" \/>\n<meta property=\"og:type\" content=\"article\" \/>\n<meta property=\"og:title\" content=\"SURICATE, constater et signaler un probl\u00e8me sentier sur le GR107\" \/>\n<meta property=\"og:description\" content=\"SURICATE, constater et signaler un probl\u00e8me sentier sur le GR107. Un portail collaboratif utile pour la bonne sant\u00e9 du parcours.\" \/>\n<meta property=\"og:url\" content=\"https:\/\/gr107.org\/index.php\/suricate-constater-et-signaler-un-probleme-sentier-sur-le-gr107\/\" \/>\n<meta property=\"og:site_name\" content=\"GR107 - Le chemin des bonshommes\" \/>\n<meta property=\"article:modified_time\" content=\"2024-12-03T13:55:41+00:00\" \/>\n<meta property=\"og:image\" content=\"https:\/\/gr107.org\/wp-content\/uploads\/2024\/11\/suricate-2.png\" \/>\n\t<meta property=\"og:image:width\" content=\"842\" \/>\n\t<meta property=\"og:image:height\" content=\"1191\" \/>\n\t<meta property=\"og:image:type\" content=\"image\/png\" \/>\n<meta name=\"twitter:card\" content=\"summary_large_image\" \/>\n<meta name=\"twitter:label1\" content=\"Dur\u00e9e de lecture estim\u00e9e\" \/>\n\t<meta name=\"twitter:data1\" content=\"1 minute\" \/>\n<script type=\"application\/ld+json\" class=\"yoast-schema-graph\">{\"@context\":\"https:\\\/\\\/schema.org\",\"@graph\":[{\"@type\":\"WebPage\",\"@id\":\"https:\\\/\\\/gr107.org\\\/index.php\\\/suricate-constater-et-signaler-un-probleme-sentier-sur-le-gr107\\\/\",\"url\":\"https:\\\/\\\/gr107.org\\\/index.php\\\/suricate-constater-et-signaler-un-probleme-sentier-sur-le-gr107\\\/\",\"name\":\"SURICATE, constater et signaler un probl\u00e8me sentier sur le GR107\",\"isPartOf\":{\"@id\":\"https:\\\/\\\/gr107.org\\\/#website\"},\"primaryImageOfPage\":{\"@id\":\"https:\\\/\\\/gr107.org\\\/index.php\\\/suricate-constater-et-signaler-un-probleme-sentier-sur-le-gr107\\\/#primaryimage\"},\"image\":{\"@id\":\"https:\\\/\\\/gr107.org\\\/index.php\\\/suricate-constater-et-signaler-un-probleme-sentier-sur-le-gr107\\\/#primaryimage\"},\"thumbnailUrl\":\"https:\\\/\\\/gr107.org\\\/wp-content\\\/uploads\\\/2024\\\/11\\\/suricate-2.png\",\"datePublished\":\"2024-11-22T14:15:08+00:00\",\"dateModified\":\"2024-12-03T13:55:41+00:00\",\"description\":\"SURICATE, constater et signaler un probl\u00e8me sentier sur le GR107. Un portail collaboratif utile pour la bonne sant\u00e9 du parcours.\",\"breadcrumb\":{\"@id\":\"https:\\\/\\\/gr107.org\\\/index.php\\\/suricate-constater-et-signaler-un-probleme-sentier-sur-le-gr107\\\/#breadcrumb\"},\"inLanguage\":\"fr-FR\",\"potentialAction\":[{\"@type\":\"ReadAction\",\"target\":[\"https:\\\/\\\/gr107.org\\\/index.php\\\/suricate-constater-et-signaler-un-probleme-sentier-sur-le-gr107\\\/\"]}]},{\"@type\":\"ImageObject\",\"inLanguage\":\"fr-FR\",\"@id\":\"https:\\\/\\\/gr107.org\\\/index.php\\\/suricate-constater-et-signaler-un-probleme-sentier-sur-le-gr107\\\/#primaryimage\",\"url\":\"https:\\\/\\\/gr107.org\\\/wp-content\\\/uploads\\\/2024\\\/11\\\/suricate-2.png\",\"contentUrl\":\"https:\\\/\\\/gr107.org\\\/wp-content\\\/uploads\\\/2024\\\/11\\\/suricate-2.png\",\"width\":842,\"height\":1191,\"caption\":\"Suricate\"},{\"@type\":\"BreadcrumbList\",\"@id\":\"https:\\\/\\\/gr107.org\\\/index.php\\\/suricate-constater-et-signaler-un-probleme-sentier-sur-le-gr107\\\/#breadcrumb\",\"itemListElement\":[{\"@type\":\"ListItem\",\"position\":1,\"name\":\"Accueil\",\"item\":\"https:\\\/\\\/gr107.org\\\/\"},{\"@type\":\"ListItem\",\"position\":2,\"name\":\"SURICATE, constater et signaler un probl\u00e8me sentier sur le GR107\"}]},{\"@type\":\"WebSite\",\"@id\":\"https:\\\/\\\/gr107.org\\\/#website\",\"url\":\"https:\\\/\\\/gr107.org\\\/\",\"name\":\"GR107 - Le chemin des bonshommes\",\"description\":\"\",\"potentialAction\":[{\"@type\":\"SearchAction\",\"target\":{\"@type\":\"EntryPoint\",\"urlTemplate\":\"https:\\\/\\\/gr107.org\\\/?s={search_term_string}\"},\"query-input\":{\"@type\":\"PropertyValueSpecification\",\"valueRequired\":true,\"valueName\":\"search_term_string\"}}],\"inLanguage\":\"fr-FR\"}]}<\/script>\n<!-- \/ Yoast SEO plugin. -->","yoast_head_json":{"title":"SURICATE, constater et signaler un probl\u00e8me sentier sur le GR107","description":"SURICATE, constater et signaler un probl\u00e8me sentier sur le GR107. Un portail collaboratif utile pour la bonne sant\u00e9 du parcours.","robots":{"index":"index","follow":"follow","max-snippet":"max-snippet:-1","max-image-preview":"max-image-preview:large","max-video-preview":"max-video-preview:-1"},"canonical":"https:\/\/gr107.org\/index.php\/suricate-constater-et-signaler-un-probleme-sentier-sur-le-gr107\/","og_locale":"fr_FR","og_type":"article","og_title":"SURICATE, constater et signaler un probl\u00e8me sentier sur le GR107","og_description":"SURICATE, constater et signaler un probl\u00e8me sentier sur le GR107. Un portail collaboratif utile pour la bonne sant\u00e9 du parcours.","og_url":"https:\/\/gr107.org\/index.php\/suricate-constater-et-signaler-un-probleme-sentier-sur-le-gr107\/","og_site_name":"GR107 - Le chemin des bonshommes","article_modified_time":"2024-12-03T13:55:41+00:00","og_image":[{"width":842,"height":1191,"url":"https:\/\/gr107.org\/wp-content\/uploads\/2024\/11\/suricate-2.png","type":"image\/png"}],"twitter_card":"summary_large_image","twitter_misc":{"Dur\u00e9e de lecture estim\u00e9e":"1 minute"},"schema":{"@context":"https:\/\/schema.org","@graph":[{"@type":"WebPage","@id":"https:\/\/gr107.org\/index.php\/suricate-constater-et-signaler-un-probleme-sentier-sur-le-gr107\/","url":"https:\/\/gr107.org\/index.php\/suricate-constater-et-signaler-un-probleme-sentier-sur-le-gr107\/","name":"SURICATE, constater et signaler un probl\u00e8me sentier sur le GR107","isPartOf":{"@id":"https:\/\/gr107.org\/#website"},"primaryImageOfPage":{"@id":"https:\/\/gr107.org\/index.php\/suricate-constater-et-signaler-un-probleme-sentier-sur-le-gr107\/#primaryimage"},"image":{"@id":"https:\/\/gr107.org\/index.php\/suricate-constater-et-signaler-un-probleme-sentier-sur-le-gr107\/#primaryimage"},"thumbnailUrl":"https:\/\/gr107.org\/wp-content\/uploads\/2024\/11\/suricate-2.png","datePublished":"2024-11-22T14:15:08+00:00","dateModified":"2024-12-03T13:55:41+00:00","description":"SURICATE, constater et signaler un probl\u00e8me sentier sur le GR107. Un portail collaboratif utile pour la bonne sant\u00e9 du parcours.","breadcrumb":{"@id":"https:\/\/gr107.org\/index.php\/suricate-constater-et-signaler-un-probleme-sentier-sur-le-gr107\/#breadcrumb"},"inLanguage":"fr-FR","potentialAction":[{"@type":"ReadAction","target":["https:\/\/gr107.org\/index.php\/suricate-constater-et-signaler-un-probleme-sentier-sur-le-gr107\/"]}]},{"@type":"ImageObject","inLanguage":"fr-FR","@id":"https:\/\/gr107.org\/index.php\/suricate-constater-et-signaler-un-probleme-sentier-sur-le-gr107\/#primaryimage","url":"https:\/\/gr107.org\/wp-content\/uploads\/2024\/11\/suricate-2.png","contentUrl":"https:\/\/gr107.org\/wp-content\/uploads\/2024\/11\/suricate-2.png","width":842,"height":1191,"caption":"Suricate"},{"@type":"BreadcrumbList","@id":"https:\/\/gr107.org\/index.php\/suricate-constater-et-signaler-un-probleme-sentier-sur-le-gr107\/#breadcrumb","itemListElement":[{"@type":"ListItem","position":1,"name":"Accueil","item":"https:\/\/gr107.org\/"},{"@type":"ListItem","position":2,"name":"SURICATE, constater et signaler un probl\u00e8me sentier sur le GR107"}]},{"@type":"WebSite","@id":"https:\/\/gr107.org\/#website","url":"https:\/\/gr107.org\/","name":"GR107 - Le chemin des bonshommes","description":"","potentialAction":[{"@type":"SearchAction","target":{"@type":"EntryPoint","urlTemplate":"https:\/\/gr107.org\/?s={search_term_string}"},"query-input":{"@type":"PropertyValueSpecification","valueRequired":true,"valueName":"search_term_string"}}],"inLanguage":"fr-FR"}]}},"_links":{"self":[{"href":"https:\/\/gr107.org\/index.php\/wp-json\/wp\/v2\/pages\/6716","targetHints":{"allow":["GET"]}}],"collection":[{"href":"https:\/\/gr107.org\/index.php\/wp-json\/wp\/v2\/pages"}],"about":[{"href":"https:\/\/gr107.org\/index.php\/wp-json\/wp\/v2\/types\/page"}],"author":[{"embeddable":true,"href":"https:\/\/gr107.org\/index.php\/wp-json\/wp\/v2\/users\/1"}],"replies":[{"embeddable":true,"href":"https:\/\/gr107.org\/index.php\/wp-json\/wp\/v2\/comments?post=6716"}],"version-history":[{"count":3,"href":"https:\/\/gr107.org\/index.php\/wp-json\/wp\/v2\/pages\/6716\/revisions"}],"predecessor-version":[{"id":8249,"href":"https:\/\/gr107.org\/index.php\/wp-json\/wp\/v2\/pages\/6716\/revisions\/8249"}],"wp:featuredmedia":[{"embeddable":true,"href":"https:\/\/gr107.org\/index.php\/wp-json\/wp\/v2\/media\/5177"}],"wp:attachment":[{"href":"https:\/\/gr107.org\/index.php\/wp-json\/wp\/v2\/media?parent=6716"}],"wp:term":[{"taxonomy":"category","embeddable":true,"href":"https:\/\/gr107.org\/index.php\/wp-json\/wp\/v2\/categories?post=6716"},{"taxonomy":"post_tag","embeddable":true,"href":"https:\/\/gr107.org\/index.php\/wp-json\/wp\/v2\/tags?post=6716"}],"curies":[{"name":"wp","href":"https:\/\/api.w.org\/{rel}","templated":true}]}}