{"id":7169,"date":"2024-11-23T18:34:12","date_gmt":"2024-11-23T17:34:12","guid":{"rendered":"http:\/\/gr107.org\/?page_id=7169"},"modified":"2024-12-03T15:02:09","modified_gmt":"2024-12-03T14:02:09","slug":"le-112-numero-durgence-unique","status":"publish","type":"page","link":"https:\/\/gr107.org\/index.php\/le-112-numero-durgence-unique\/","title":{"rendered":"le 112 num\u00e9ro d&rsquo;urgence unique"},"content":{"rendered":"\t\t<div data-elementor-type=\"wp-page\" data-elementor-id=\"7169\" class=\"elementor elementor-7169\" data-elementor-post-type=\"page\">\n\t\t\t\t\t\t<section class=\"elementor-section elementor-top-section elementor-element elementor-element-5b74e622 elementor-section-boxed elementor-section-height-default elementor-section-height-default\" data-id=\"5b74e622\" data-element_type=\"section\" data-e-type=\"section\" data-settings=\"{&quot;background_background&quot;:&quot;classic&quot;}\">\n\t\t\t\t\t\t<div class=\"elementor-container elementor-column-gap-default\">\n\t\t\t\t\t<div class=\"elementor-column elementor-col-100 elementor-top-column elementor-element elementor-element-7cdc39c4\" data-id=\"7cdc39c4\" data-element_type=\"column\" data-e-type=\"column\" data-settings=\"{&quot;background_background&quot;:&quot;classic&quot;}\">\n\t\t\t<div class=\"elementor-widget-wrap elementor-element-populated\">\n\t\t\t\t\t\t<section class=\"elementor-section elementor-inner-section elementor-element elementor-element-b74bb76 elementor-section-full_width elementor-section-content-middle elementor-section-height-default elementor-section-height-default\" data-id=\"b74bb76\" data-element_type=\"section\" data-e-type=\"section\">\n\t\t\t\t\t\t<div class=\"elementor-container elementor-column-gap-default\">\n\t\t\t\t\t<div class=\"elementor-column elementor-col-50 elementor-inner-column elementor-element elementor-element-51e7d8dc\" data-id=\"51e7d8dc\" data-element_type=\"column\" data-e-type=\"column\">\n\t\t\t<div class=\"elementor-widget-wrap elementor-element-populated\">\n\t\t\t\t\t\t<div class=\"elementor-element elementor-element-16b7ddc3 elementor-widget elementor-widget-image\" data-id=\"16b7ddc3\" data-element_type=\"widget\" data-e-type=\"widget\" data-widget_type=\"image.default\">\n\t\t\t\t<div class=\"elementor-widget-container\">\n\t\t\t\t\t\t\t\t\t\t\t\t\t\t\t<img fetchpriority=\"high\" decoding=\"async\" width=\"300\" height=\"228\" src=\"https:\/\/gr107.org\/wp-content\/uploads\/2024\/11\/le-112-numero-durgence-unique-2.jpg\" class=\"attachment-medium_large size-medium_large wp-image-5181\" alt=\"le-112-numero-durgence-unique.jpg\" \/>\t\t\t\t\t\t\t\t\t\t\t\t\t\t\t<\/div>\n\t\t\t\t<\/div>\n\t\t\t\t\t<\/div>\n\t\t<\/div>\n\t\t\t\t<div class=\"elementor-column elementor-col-50 elementor-inner-column elementor-element elementor-element-e58b2ee\" data-id=\"e58b2ee\" data-element_type=\"column\" data-e-type=\"column\">\n\t\t\t<div class=\"elementor-widget-wrap elementor-element-populated\">\n\t\t\t\t\t\t<div class=\"elementor-element elementor-element-752f5e6c elementor-widget elementor-widget-heading\" data-id=\"752f5e6c\" data-element_type=\"widget\" data-e-type=\"widget\" data-widget_type=\"heading.default\">\n\t\t\t\t<div class=\"elementor-widget-container\">\n\t\t\t\t\t<h2 class=\"elementor-heading-title elementor-size-default\">le 112, num\u00e9ro d'urgence unique\n<\/h2>\t\t\t\t<\/div>\n\t\t\t\t<\/div>\n\t\t\t\t<div class=\"elementor-element elementor-element-13e0be99 elementor-widget elementor-widget-text-editor\" data-id=\"13e0be99\" data-element_type=\"widget\" data-e-type=\"widget\" data-widget_type=\"text-editor.default\">\n\t\t\t\t<div class=\"elementor-widget-container\">\n\t\t\t\t\t\t\t\t\t<p>Appel d\u2019urgence : un num\u00e9ro unique, le 112. Le 112 est un num\u00e9ro d\u2019urgence gratuit et accessible partout en Europe (tr\u00e8s utile en zone frontali\u00e8re dans les Alpes et les Pyr\u00e9n\u00e9es). Permet de joindre les services de secours du d\u00e9partement qui enverront de mani\u00e8re concert\u00e9e les moyens adapt\u00e9s (sapeurs-pompiers, Samu, Gendarmerie, PGHM\u2026) Le 112 fonctionne m\u00eame depuis un t\u00e9l\u00e9phone verrouill\u00e9 ou ne disposant pas d\u2019une carte SIM.<br \/><br \/>N&rsquo;oubliez pas votre sifflet. Vous n&rsquo;\u00eates jamais aussi seul que vous le pensez, et un sifflet porte \u00e0 plusieurs kilom\u00e8tres. Il permet d&rsquo;alerter d&rsquo;autres montagnards qui viendront plus facilement vers vous. Il peut servir \u00e0 guider les secours officiels surtout en cas de mauvaise visibilit\u00e9 ou la nuit.<\/p>\t\t\t\t\t\t\t\t<\/div>\n\t\t\t\t<\/div>\n\t\t\t\t\t<\/div>\n\t\t<\/div>\n\t\t\t\t\t<\/div>\n\t\t<\/section>\n\t\t\t\t<section class=\"elementor-section elementor-inner-section elementor-element elementor-element-5c97b196 elementor-section-full_width elementor-section-content-middle elementor-section-height-default elementor-section-height-default\" data-id=\"5c97b196\" data-element_type=\"section\" data-e-type=\"section\">\n\t\t\t\t\t\t<div class=\"elementor-container elementor-column-gap-default\">\n\t\t\t\t\t<div class=\"elementor-column elementor-col-50 elementor-inner-column elementor-element elementor-element-24ec8574\" data-id=\"24ec8574\" data-element_type=\"column\" data-e-type=\"column\">\n\t\t\t<div class=\"elementor-widget-wrap elementor-element-populated\">\n\t\t\t\t\t\t<div class=\"elementor-element elementor-element-6f167175 elementor-widget elementor-widget-image\" data-id=\"6f167175\" data-element_type=\"widget\" data-e-type=\"widget\" data-widget_type=\"image.default\">\n\t\t\t\t<div class=\"elementor-widget-container\">\n\t\t\t\t\t\t\t\t\t\t\t\t\t\t\t\t<a href=\"https:\/\/gr107.org\/wp-content\/uploads\/2024\/11\/112-20241123-173056.jpg\" data-elementor-open-lightbox=\"yes\" data-elementor-lightbox-title=\"112\" data-e-action-hash=\"#elementor-action%3Aaction%3Dlightbox%26settings%3DeyJpZCI6NzE2NiwidXJsIjoiaHR0cHM6XC9cL2dyMTA3Lm9yZ1wvd3AtY29udGVudFwvdXBsb2Fkc1wvMjAyNFwvMTFcLzExMi0yMDI0MTEyMy0xNzMwNTYuanBnIn0%3D\">\n\t\t\t\t\t\t\t<img decoding=\"async\" width=\"300\" height=\"213\" src=\"https:\/\/gr107.org\/wp-content\/uploads\/2024\/11\/112-20241123-173056-300x213.jpg\" class=\"attachment-medium size-medium wp-image-7166\" alt=\"\" srcset=\"https:\/\/gr107.org\/wp-content\/uploads\/2024\/11\/112-20241123-173056-300x213.jpg 300w, https:\/\/gr107.org\/wp-content\/uploads\/2024\/11\/112-20241123-173056-768x546.jpg 768w, https:\/\/gr107.org\/wp-content\/uploads\/2024\/11\/112-20241123-173056.jpg 800w\" sizes=\"(max-width: 300px) 100vw, 300px\" \/>\t\t\t\t\t\t\t\t<\/a>\n\t\t\t\t\t\t\t\t\t\t\t\t\t\t\t<\/div>\n\t\t\t\t<\/div>\n\t\t\t\t<div class=\"elementor-element elementor-element-5aac5bda elementor-widget elementor-widget-image\" data-id=\"5aac5bda\" data-element_type=\"widget\" data-e-type=\"widget\" data-widget_type=\"image.default\">\n\t\t\t\t<div class=\"elementor-widget-container\">\n\t\t\t\t\t\t\t\t\t\t\t\t\t\t\t\t<a href=\"https:\/\/gr107.org\/wp-content\/uploads\/2024\/11\/112-1-20241123-173107.jpg\" data-elementor-open-lightbox=\"yes\" data-elementor-lightbox-title=\"112-1\" data-e-action-hash=\"#elementor-action%3Aaction%3Dlightbox%26settings%3DeyJpZCI6NzE2NywidXJsIjoiaHR0cHM6XC9cL2dyMTA3Lm9yZ1wvd3AtY29udGVudFwvdXBsb2Fkc1wvMjAyNFwvMTFcLzExMi0xLTIwMjQxMTIzLTE3MzEwNy5qcGcifQ%3D%3D\">\n\t\t\t\t\t\t\t<img decoding=\"async\" width=\"210\" height=\"208\" src=\"https:\/\/gr107.org\/wp-content\/uploads\/2024\/11\/112-1-20241123-173107.jpg\" class=\"attachment-medium size-medium wp-image-7167\" alt=\"\" srcset=\"https:\/\/gr107.org\/wp-content\/uploads\/2024\/11\/112-1-20241123-173107.jpg 210w, https:\/\/gr107.org\/wp-content\/uploads\/2024\/11\/112-1-20241123-173107-150x150.jpg 150w\" sizes=\"(max-width: 210px) 100vw, 210px\" \/>\t\t\t\t\t\t\t\t<\/a>\n\t\t\t\t\t\t\t\t\t\t\t\t\t\t\t<\/div>\n\t\t\t\t<\/div>\n\t\t\t\t\t<\/div>\n\t\t<\/div>\n\t\t\t\t<div class=\"elementor-column elementor-col-50 elementor-inner-column elementor-element elementor-element-7606a8a0\" data-id=\"7606a8a0\" data-element_type=\"column\" data-e-type=\"column\">\n\t\t\t<div class=\"elementor-widget-wrap elementor-element-populated\">\n\t\t\t\t\t\t<div class=\"elementor-element elementor-element-662e84eb elementor-widget elementor-widget-heading\" data-id=\"662e84eb\" data-element_type=\"widget\" data-e-type=\"widget\" data-widget_type=\"heading.default\">\n\t\t\t\t<div class=\"elementor-widget-container\">\n\t\t\t\t\t<h3 class=\"elementor-heading-title elementor-size-default\">Appelez le 112 pour alerter les secours\n<\/h3>\t\t\t\t<\/div>\n\t\t\t\t<\/div>\n\t\t\t\t<div class=\"elementor-element elementor-element-37fa3b23 elementor-widget elementor-widget-text-editor\" data-id=\"37fa3b23\" data-element_type=\"widget\" data-e-type=\"widget\" data-widget_type=\"text-editor.default\">\n\t\t\t\t<div class=\"elementor-widget-container\">\n\t\t\t\t\t\t\t\t\t<p>Se pr\u00e9senter, se localiser via votre t\u00e9l\u00e9phone portable ou autres moyens (carte, GPS\u2026), d\u00e9crire la situation et r\u00e9pondre aux questions du professionnel en ligne. En cas d\u2019accident, tout usager doit porter secours. Si vous \u00eates t\u00e9moin ou responsable d\u2019un accident vous devez faire connaitre votre identit\u00e9 aupr\u00e8s des secours.<\/p>\t\t\t\t\t\t\t\t<\/div>\n\t\t\t\t<\/div>\n\t\t\t\t\t<\/div>\n\t\t<\/div>\n\t\t\t\t\t<\/div>\n\t\t<\/section>\n\t\t\t\t<section class=\"elementor-section elementor-inner-section elementor-element elementor-element-66cb47e elementor-section-full_width elementor-section-content-middle elementor-section-height-default elementor-section-height-default\" data-id=\"66cb47e\" data-element_type=\"section\" data-e-type=\"section\">\n\t\t\t\t\t\t<div class=\"elementor-container elementor-column-gap-default\">\n\t\t\t\t\t<div class=\"elementor-column elementor-col-100 elementor-inner-column elementor-element elementor-element-e2fc61a\" data-id=\"e2fc61a\" data-element_type=\"column\" data-e-type=\"column\">\n\t\t\t<div class=\"elementor-widget-wrap elementor-element-populated\">\n\t\t\t\t\t\t<div class=\"elementor-element elementor-element-fb4482f elementor-widget elementor-widget-text-editor\" data-id=\"fb4482f\" data-element_type=\"widget\" data-e-type=\"widget\" data-widget_type=\"text-editor.default\">\n\t\t\t\t<div class=\"elementor-widget-container\">\n\t\t\t\t\t\t\t\t\t<p>Autres dossiers susceptibles de vous int\u00e9resser :<\/p><p><a href=\"https:\/\/gr107.org\/index.php\/les-balises-de-detresse-dites-plb\/\" target=\"_blank\" rel=\"noopener\" data-wplink-url-error=\"true\">Les balises de d\u00e9tresse dites PLB<\/a><br \/><a href=\"https:\/\/gr107.org\/index.php\/conduite-a-tenir-en-cas-daccident-sur-le-gr107\/\" target=\"_blank\" rel=\"noopener\" data-wplink-url-error=\"true\">Conduite \u00e0 tenir en cas d&rsquo;accident sur le GR107<\/a><br \/><a href=\"https:\/\/gr107.org\/index.php\/le-danger-des-neves-de-printemps-et-dete-sur-le-gr107\/\" target=\"_blank\" rel=\"noopener\" data-wplink-url-error=\"true\">Le danger des n\u00e9v\u00e9s de printemps et d&rsquo;\u00e9t\u00e9 sur le GR107<\/a><\/p>\t\t\t\t\t\t\t\t<\/div>\n\t\t\t\t<\/div>\n\t\t\t\t\t<\/div>\n\t\t<\/div>\n\t\t\t\t\t<\/div>\n\t\t<\/section>\n\t\t\t\t<section class=\"elementor-section elementor-inner-section elementor-element elementor-element-6969a4a elementor-section-full_width elementor-section-content-middle elementor-section-height-default elementor-section-height-default\" data-id=\"6969a4a\" data-element_type=\"section\" data-e-type=\"section\">\n\t\t\t\t\t\t<div class=\"elementor-container elementor-column-gap-default\">\n\t\t\t\t\t<div class=\"elementor-column elementor-col-100 elementor-inner-column elementor-element elementor-element-18f8c31\" data-id=\"18f8c31\" data-element_type=\"column\" data-e-type=\"column\">\n\t\t\t<div class=\"elementor-widget-wrap elementor-element-populated\">\n\t\t\t\t\t\t<div class=\"elementor-element elementor-element-b7fbaf8 elementor-align-center elementor-widget__width-auto elementor-widget elementor-widget-button\" data-id=\"b7fbaf8\" data-element_type=\"widget\" data-e-type=\"widget\" data-widget_type=\"button.default\">\n\t\t\t\t<div class=\"elementor-widget-container\">\n\t\t\t\t\t\t\t\t\t<div class=\"elementor-button-wrapper\">\n\t\t\t\t\t<a class=\"elementor-button elementor-button-link elementor-size-xs\" href=\"https:\/\/gr107.org\/index.php\/portail-des-dossiers-de-preparation-au-gr107\/\">\n\t\t\t\t\t\t<span class=\"elementor-button-content-wrapper\">\n\t\t\t\t\t\t\t\t\t<span class=\"elementor-button-text\">Retour au portail des dossiers de pr\u00e9paration<\/span>\n\t\t\t\t\t<\/span>\n\t\t\t\t\t<\/a>\n\t\t\t\t<\/div>\n\t\t\t\t\t\t\t\t<\/div>\n\t\t\t\t<\/div>\n\t\t\t\t\t<\/div>\n\t\t<\/div>\n\t\t\t\t\t<\/div>\n\t\t<\/section>\n\t\t\t\t<section class=\"elementor-section elementor-inner-section elementor-element elementor-element-1832c663 elementor-section-boxed elementor-section-height-default elementor-section-height-default\" data-id=\"1832c663\" data-element_type=\"section\" data-e-type=\"section\">\n\t\t\t\t\t\t<div class=\"elementor-container elementor-column-gap-default\">\n\t\t\t\t\t<div class=\"elementor-column elementor-col-100 elementor-inner-column elementor-element elementor-element-1983898b\" data-id=\"1983898b\" data-element_type=\"column\" data-e-type=\"column\">\n\t\t\t<div class=\"elementor-widget-wrap elementor-element-populated\">\n\t\t\t\t\t\t<div class=\"elementor-element elementor-element-751f0f36 elementor-position-inline-start elementor-widget__width-inherit elementor-view-default elementor-mobile-position-block-start elementor-widget elementor-widget-icon-box\" data-id=\"751f0f36\" data-element_type=\"widget\" data-e-type=\"widget\" data-widget_type=\"icon-box.default\">\n\t\t\t\t<div class=\"elementor-widget-container\">\n\t\t\t\t\t\t\t<div class=\"elementor-icon-box-wrapper\">\n\n\t\t\t\t\t\t<div class=\"elementor-icon-box-icon\">\n\t\t\t\t<span  class=\"elementor-icon\">\n\t\t\t\t<svg aria-hidden=\"true\" class=\"e-font-icon-svg e-fas-info-circle\" viewBox=\"0 0 512 512\" xmlns=\"http:\/\/www.w3.org\/2000\/svg\"><path d=\"M256 8C119.043 8 8 119.083 8 256c0 136.997 111.043 248 248 248s248-111.003 248-248C504 119.083 392.957 8 256 8zm0 110c23.196 0 42 18.804 42 42s-18.804 42-42 42-42-18.804-42-42 18.804-42 42-42zm56 254c0 6.627-5.373 12-12 12h-88c-6.627 0-12-5.373-12-12v-24c0-6.627 5.373-12 12-12h12v-64h-12c-6.627 0-12-5.373-12-12v-24c0-6.627 5.373-12 12-12h64c6.627 0 12 5.373 12 12v100h12c6.627 0 12 5.373 12 12v24z\"><\/path><\/svg>\t\t\t\t<\/span>\n\t\t\t<\/div>\n\t\t\t\n\t\t\t\t\t\t<div class=\"elementor-icon-box-content\">\n\n\t\t\t\t\n\t\t\t\t\t\t\t\t\t<p class=\"elementor-icon-box-description\">\n\t\t\t\t\t\tPoint info\t\t\t\t\t<\/p>\n\t\t\t\t\n\t\t\t<\/div>\n\t\t\t\n\t\t<\/div>\n\t\t\t\t\t\t<\/div>\n\t\t\t\t<\/div>\n\t\t\t\t<div class=\"elementor-element elementor-element-ae88d19 elementor-widget elementor-widget-text-editor\" data-id=\"ae88d19\" data-element_type=\"widget\" data-e-type=\"widget\" data-widget_type=\"text-editor.default\">\n\t\t\t\t<div class=\"elementor-widget-container\">\n\t\t\t\t\t\t\t\t\t<p>Pour toutes questions relatives aux dossiers de pr\u00e9paration, n&rsquo;h\u00e9sitez pas \u00e0 contacter :<\/p><p>Eric CHAIGNEAU<br \/>Animateur b\u00e9n\u00e9vole de l&rsquo;Amis GRdistes en collaboration avec la FFRandonn\u00e9e.<br \/><a href=\"ariege@ffrandonnee.fr\" target=\"_blank\" rel=\"noopener\">ariege@ffrandonnee.fr<\/a><br \/>tel 06 83 61 48 49<\/p>\t\t\t\t\t\t\t\t<\/div>\n\t\t\t\t<\/div>\n\t\t\t\t\t<\/div>\n\t\t<\/div>\n\t\t\t\t\t<\/div>\n\t\t<\/section>\n\t\t\t\t\t<\/div>\n\t\t<\/div>\n\t\t\t\t\t<\/div>\n\t\t<\/section>\n\t\t\t\t<\/div>\n\t\t","protected":false},"excerpt":{"rendered":"<p>le 112, num\u00e9ro d&rsquo;urgence unique Appel d\u2019urgence : un num\u00e9ro unique, le 112. Le 112 est un num\u00e9ro d\u2019urgence gratuit et accessible partout en Europe (tr\u00e8s utile en zone frontali\u00e8re dans les Alpes et les Pyr\u00e9n\u00e9es). Permet de joindre les services de secours du d\u00e9partement qui enverront de mani\u00e8re concert\u00e9e les moyens adapt\u00e9s (sapeurs-pompiers, Samu, [&hellip;]<\/p>\n","protected":false},"author":1,"featured_media":5181,"parent":0,"menu_order":0,"comment_status":"closed","ping_status":"closed","template":"","meta":{"footnotes":""},"categories":[10,20],"tags":[],"class_list":["post-7169","page","type-page","status-publish","has-post-thumbnail","hentry","category-dossier-de-preparation","category-securite-sante"],"yoast_head":"<!-- This site is optimized with the Yoast SEO plugin v27.4 - https:\/\/yoast.com\/product\/yoast-seo-wordpress\/ -->\n<title>le 112 num\u00e9ro d&#039;urgence unique - GR107 - Le chemin des bonshommes<\/title>\n<meta name=\"description\" content=\"Le 112 est un num\u00e9ro d&#039;urgence unique qu&#039;il est indispensable de bien conna\u00eetre avant de partir \u00e0 l&#039;aventure sur le GR107.\" \/>\n<meta name=\"robots\" content=\"index, follow, max-snippet:-1, max-image-preview:large, max-video-preview:-1\" \/>\n<link rel=\"canonical\" href=\"https:\/\/gr107.org\/index.php\/le-112-numero-durgence-unique\/\" \/>\n<meta property=\"og:locale\" content=\"fr_FR\" \/>\n<meta property=\"og:type\" content=\"article\" \/>\n<meta property=\"og:title\" content=\"le 112 num\u00e9ro d&#039;urgence unique - GR107 - Le chemin des bonshommes\" \/>\n<meta property=\"og:description\" content=\"Le 112 est un num\u00e9ro d&#039;urgence unique qu&#039;il est indispensable de bien conna\u00eetre avant de partir \u00e0 l&#039;aventure sur le GR107.\" \/>\n<meta property=\"og:url\" content=\"https:\/\/gr107.org\/index.php\/le-112-numero-durgence-unique\/\" \/>\n<meta property=\"og:site_name\" content=\"GR107 - Le chemin des bonshommes\" \/>\n<meta property=\"article:modified_time\" content=\"2024-12-03T14:02:09+00:00\" \/>\n<meta property=\"og:image\" content=\"https:\/\/gr107.org\/wp-content\/uploads\/2024\/11\/le-112-numero-durgence-unique-2.jpg\" \/>\n\t<meta property=\"og:image:width\" content=\"300\" \/>\n\t<meta property=\"og:image:height\" content=\"228\" \/>\n\t<meta property=\"og:image:type\" content=\"image\/jpeg\" \/>\n<meta name=\"twitter:card\" content=\"summary_large_image\" \/>\n<meta name=\"twitter:label1\" content=\"Dur\u00e9e de lecture estim\u00e9e\" \/>\n\t<meta name=\"twitter:data1\" content=\"2 minutes\" \/>\n<script type=\"application\/ld+json\" class=\"yoast-schema-graph\">{\"@context\":\"https:\\\/\\\/schema.org\",\"@graph\":[{\"@type\":\"WebPage\",\"@id\":\"https:\\\/\\\/gr107.org\\\/index.php\\\/le-112-numero-durgence-unique\\\/\",\"url\":\"https:\\\/\\\/gr107.org\\\/index.php\\\/le-112-numero-durgence-unique\\\/\",\"name\":\"le 112 num\u00e9ro d'urgence unique - GR107 - Le chemin des bonshommes\",\"isPartOf\":{\"@id\":\"https:\\\/\\\/gr107.org\\\/#website\"},\"primaryImageOfPage\":{\"@id\":\"https:\\\/\\\/gr107.org\\\/index.php\\\/le-112-numero-durgence-unique\\\/#primaryimage\"},\"image\":{\"@id\":\"https:\\\/\\\/gr107.org\\\/index.php\\\/le-112-numero-durgence-unique\\\/#primaryimage\"},\"thumbnailUrl\":\"https:\\\/\\\/gr107.org\\\/wp-content\\\/uploads\\\/2024\\\/11\\\/le-112-numero-durgence-unique-2.jpg\",\"datePublished\":\"2024-11-23T17:34:12+00:00\",\"dateModified\":\"2024-12-03T14:02:09+00:00\",\"description\":\"Le 112 est un num\u00e9ro d'urgence unique qu'il est indispensable de bien conna\u00eetre avant de partir \u00e0 l'aventure sur le GR107.\",\"breadcrumb\":{\"@id\":\"https:\\\/\\\/gr107.org\\\/index.php\\\/le-112-numero-durgence-unique\\\/#breadcrumb\"},\"inLanguage\":\"fr-FR\",\"potentialAction\":[{\"@type\":\"ReadAction\",\"target\":[\"https:\\\/\\\/gr107.org\\\/index.php\\\/le-112-numero-durgence-unique\\\/\"]}]},{\"@type\":\"ImageObject\",\"inLanguage\":\"fr-FR\",\"@id\":\"https:\\\/\\\/gr107.org\\\/index.php\\\/le-112-numero-durgence-unique\\\/#primaryimage\",\"url\":\"https:\\\/\\\/gr107.org\\\/wp-content\\\/uploads\\\/2024\\\/11\\\/le-112-numero-durgence-unique-2.jpg\",\"contentUrl\":\"https:\\\/\\\/gr107.org\\\/wp-content\\\/uploads\\\/2024\\\/11\\\/le-112-numero-durgence-unique-2.jpg\",\"width\":300,\"height\":228,\"caption\":\"le-112-numero-durgence-unique.jpg\"},{\"@type\":\"BreadcrumbList\",\"@id\":\"https:\\\/\\\/gr107.org\\\/index.php\\\/le-112-numero-durgence-unique\\\/#breadcrumb\",\"itemListElement\":[{\"@type\":\"ListItem\",\"position\":1,\"name\":\"Accueil\",\"item\":\"https:\\\/\\\/gr107.org\\\/\"},{\"@type\":\"ListItem\",\"position\":2,\"name\":\"le 112 num\u00e9ro d&rsquo;urgence unique\"}]},{\"@type\":\"WebSite\",\"@id\":\"https:\\\/\\\/gr107.org\\\/#website\",\"url\":\"https:\\\/\\\/gr107.org\\\/\",\"name\":\"GR107 - Le chemin des bonshommes\",\"description\":\"\",\"potentialAction\":[{\"@type\":\"SearchAction\",\"target\":{\"@type\":\"EntryPoint\",\"urlTemplate\":\"https:\\\/\\\/gr107.org\\\/?s={search_term_string}\"},\"query-input\":{\"@type\":\"PropertyValueSpecification\",\"valueRequired\":true,\"valueName\":\"search_term_string\"}}],\"inLanguage\":\"fr-FR\"}]}<\/script>\n<!-- \/ Yoast SEO plugin. -->","yoast_head_json":{"title":"le 112 num\u00e9ro d'urgence unique - GR107 - Le chemin des bonshommes","description":"Le 112 est un num\u00e9ro d'urgence unique qu'il est indispensable de bien conna\u00eetre avant de partir \u00e0 l'aventure sur le GR107.","robots":{"index":"index","follow":"follow","max-snippet":"max-snippet:-1","max-image-preview":"max-image-preview:large","max-video-preview":"max-video-preview:-1"},"canonical":"https:\/\/gr107.org\/index.php\/le-112-numero-durgence-unique\/","og_locale":"fr_FR","og_type":"article","og_title":"le 112 num\u00e9ro d'urgence unique - GR107 - Le chemin des bonshommes","og_description":"Le 112 est un num\u00e9ro d'urgence unique qu'il est indispensable de bien conna\u00eetre avant de partir \u00e0 l'aventure sur le GR107.","og_url":"https:\/\/gr107.org\/index.php\/le-112-numero-durgence-unique\/","og_site_name":"GR107 - Le chemin des bonshommes","article_modified_time":"2024-12-03T14:02:09+00:00","og_image":[{"width":300,"height":228,"url":"https:\/\/gr107.org\/wp-content\/uploads\/2024\/11\/le-112-numero-durgence-unique-2.jpg","type":"image\/jpeg"}],"twitter_card":"summary_large_image","twitter_misc":{"Dur\u00e9e de lecture estim\u00e9e":"2 minutes"},"schema":{"@context":"https:\/\/schema.org","@graph":[{"@type":"WebPage","@id":"https:\/\/gr107.org\/index.php\/le-112-numero-durgence-unique\/","url":"https:\/\/gr107.org\/index.php\/le-112-numero-durgence-unique\/","name":"le 112 num\u00e9ro d'urgence unique - GR107 - Le chemin des bonshommes","isPartOf":{"@id":"https:\/\/gr107.org\/#website"},"primaryImageOfPage":{"@id":"https:\/\/gr107.org\/index.php\/le-112-numero-durgence-unique\/#primaryimage"},"image":{"@id":"https:\/\/gr107.org\/index.php\/le-112-numero-durgence-unique\/#primaryimage"},"thumbnailUrl":"https:\/\/gr107.org\/wp-content\/uploads\/2024\/11\/le-112-numero-durgence-unique-2.jpg","datePublished":"2024-11-23T17:34:12+00:00","dateModified":"2024-12-03T14:02:09+00:00","description":"Le 112 est un num\u00e9ro d'urgence unique qu'il est indispensable de bien conna\u00eetre avant de partir \u00e0 l'aventure sur le GR107.","breadcrumb":{"@id":"https:\/\/gr107.org\/index.php\/le-112-numero-durgence-unique\/#breadcrumb"},"inLanguage":"fr-FR","potentialAction":[{"@type":"ReadAction","target":["https:\/\/gr107.org\/index.php\/le-112-numero-durgence-unique\/"]}]},{"@type":"ImageObject","inLanguage":"fr-FR","@id":"https:\/\/gr107.org\/index.php\/le-112-numero-durgence-unique\/#primaryimage","url":"https:\/\/gr107.org\/wp-content\/uploads\/2024\/11\/le-112-numero-durgence-unique-2.jpg","contentUrl":"https:\/\/gr107.org\/wp-content\/uploads\/2024\/11\/le-112-numero-durgence-unique-2.jpg","width":300,"height":228,"caption":"le-112-numero-durgence-unique.jpg"},{"@type":"BreadcrumbList","@id":"https:\/\/gr107.org\/index.php\/le-112-numero-durgence-unique\/#breadcrumb","itemListElement":[{"@type":"ListItem","position":1,"name":"Accueil","item":"https:\/\/gr107.org\/"},{"@type":"ListItem","position":2,"name":"le 112 num\u00e9ro d&rsquo;urgence unique"}]},{"@type":"WebSite","@id":"https:\/\/gr107.org\/#website","url":"https:\/\/gr107.org\/","name":"GR107 - Le chemin des bonshommes","description":"","potentialAction":[{"@type":"SearchAction","target":{"@type":"EntryPoint","urlTemplate":"https:\/\/gr107.org\/?s={search_term_string}"},"query-input":{"@type":"PropertyValueSpecification","valueRequired":true,"valueName":"search_term_string"}}],"inLanguage":"fr-FR"}]}},"_links":{"self":[{"href":"https:\/\/gr107.org\/index.php\/wp-json\/wp\/v2\/pages\/7169","targetHints":{"allow":["GET"]}}],"collection":[{"href":"https:\/\/gr107.org\/index.php\/wp-json\/wp\/v2\/pages"}],"about":[{"href":"https:\/\/gr107.org\/index.php\/wp-json\/wp\/v2\/types\/page"}],"author":[{"embeddable":true,"href":"https:\/\/gr107.org\/index.php\/wp-json\/wp\/v2\/users\/1"}],"replies":[{"embeddable":true,"href":"https:\/\/gr107.org\/index.php\/wp-json\/wp\/v2\/comments?post=7169"}],"version-history":[{"count":3,"href":"https:\/\/gr107.org\/index.php\/wp-json\/wp\/v2\/pages\/7169\/revisions"}],"predecessor-version":[{"id":8273,"href":"https:\/\/gr107.org\/index.php\/wp-json\/wp\/v2\/pages\/7169\/revisions\/8273"}],"wp:featuredmedia":[{"embeddable":true,"href":"https:\/\/gr107.org\/index.php\/wp-json\/wp\/v2\/media\/5181"}],"wp:attachment":[{"href":"https:\/\/gr107.org\/index.php\/wp-json\/wp\/v2\/media?parent=7169"}],"wp:term":[{"taxonomy":"category","embeddable":true,"href":"https:\/\/gr107.org\/index.php\/wp-json\/wp\/v2\/categories?post=7169"},{"taxonomy":"post_tag","embeddable":true,"href":"https:\/\/gr107.org\/index.php\/wp-json\/wp\/v2\/tags?post=7169"}],"curies":[{"name":"wp","href":"https:\/\/api.w.org\/{rel}","templated":true}]}}